{"id":82,"date":"2024-01-14T08:17:02","date_gmt":"2024-01-14T08:17:02","guid":{"rendered":"https:\/\/larredesign.cl\/test\/?post_type=product&#038;p=82"},"modified":"2025-10-07T04:01:16","modified_gmt":"2025-10-07T04:01:16","slug":"sistemacomfohome","status":"publish","type":"product","link":"https:\/\/construccioneplus.com\/mx\/producto\/sistemacomfohome\/","title":{"rendered":"SISTEMA COMFOHOME"},"content":{"rendered":"<p>Ventilaci\u00f3n Centralizada con Enfriamiento\/Calefacci\u00f3n.<\/p>\n<ul>\n<li><strong>Unidad Interior<\/strong> &#8211; Ventilaci\u00f3n con serpent\u00edn de enfriamiento + deshumidificaci\u00f3n y calefacci\u00f3n<\/li>\n<li><strong>Unidad Exterior<\/strong> &#8211; Minisplit<\/li>\n<\/ul>\n<p><a href=\"https:\/\/construccioneplus.com\/mx\/wp-content\/uploads\/2024\/01\/SISTEMA-COMFOHOME-ZEHNDER-1.png\"><img loading=\"lazy\" decoding=\"async\" class=\"alignnone size-full wp-image-554\" src=\"https:\/\/construccioneplus.com\/mx\/wp-content\/uploads\/2024\/01\/SISTEMA-COMFOHOME-ZEHNDER-1.png\" alt=\"\" width=\"1413\" height=\"745\" srcset=\"https:\/\/construccioneplus.com\/mx\/wp-content\/uploads\/2024\/01\/SISTEMA-COMFOHOME-ZEHNDER-1.png 1413w, https:\/\/construccioneplus.com\/mx\/wp-content\/uploads\/2024\/01\/SISTEMA-COMFOHOME-ZEHNDER-1-300x158.png 300w, https:\/\/construccioneplus.com\/mx\/wp-content\/uploads\/2024\/01\/SISTEMA-COMFOHOME-ZEHNDER-1-1024x540.png 1024w, https:\/\/construccioneplus.com\/mx\/wp-content\/uploads\/2024\/01\/SISTEMA-COMFOHOME-ZEHNDER-1-768x405.png 768w, https:\/\/construccioneplus.com\/mx\/wp-content\/uploads\/2024\/01\/SISTEMA-COMFOHOME-ZEHNDER-1-600x316.png 600w\" sizes=\"auto, (max-width: 1413px) 100vw, 1413px\" \/><\/a><\/p>\n<p>Zehnder Comfohome es una serie de productos multifuncionales que integra ventilaci\u00f3n, purificaci\u00f3n de aire, refrigeraci\u00f3n, deshumidificaci\u00f3n y calefacci\u00f3n. Este producto proporciona una soluci\u00f3n completa para un clima interior limpio y confortable mediante la conexi\u00f3n con los ductos y salidas de aire seg\u00fan los requisitos del cliente. Como componente clave de una casa pasiva (Passivhaus), el producto Zehnder Comfohome proporciona una ventilaci\u00f3n con capacidad de refrigeraci\u00f3n y calefacci\u00f3n altamente eficientes para el edificio. Adem\u00e1s, Zehnder Comfohome tambi\u00e9n puede funcionar junto con otros productos de aire acondicionado para proporcionar un sistema de ventilaci\u00f3n y aire acondicionado independiente para construcciones residenciales y comerciales.<\/p>\n<p>La serie de productos Zehnder Comfohome tiene una estructura de tipo dividido, que esta compuesta de una unidad interior y una exterior. Para la unidad interior hay dos opciones para el serpent\u00edn, un serpent\u00edn de agua o un serpent\u00edn de refrigerante. Al utilizar el serpent\u00edn de agua, este se puede conectar directamente al enfriador\/calentador de agua central para proporcionar aire fresco fr\u00edo\/caliente. Al utilizar el serpent\u00edn de refrigerante, este funciona junto con su unidad exterior (minisplit) para proporcionar calefacci\u00f3n y refrigeraci\u00f3n; la unidad exterior tiene dos opciones: fuente de agua o fuente de aire. La unidad exterior alimentada por aire integra un compresor basado en tecnolog\u00eda inverter, opcionalmente de tipo est\u00e1ndar o de tipo de baja temperatura del aire exterior.<\/p>\n<p>La serie de productos Zehnder Comfohome se caracteriza por una serie de tecnolog\u00edas patentadas, mide con precisi\u00f3n el caudal de las corrientes de aire, mantiene un modo de funcionamiento eficiente y confiable y mantiene el caudal de aire viciado de salida equilibrado con el aire fresco de entrada. Este producto se puede equipar selectivamente con un precalentador el\u00e9ctrico o una caja de mezcla de aire fresco para evitar que el intercambiador de entalp\u00eda se congele en los casos de tenerse una temperatura exterior demasiado baja.<\/p>\n<p>\u2022 PRINCIPIOS DE FUNCIONAMIENTO<br \/>\nEl aire fresco del exterior pasa a trav\u00e9s de la v\u00e1lvula de control y luego a un filtro preliminar, y llega al intercambiador de entalp\u00eda (ERC) donde se intercambiar\u00e1 la energ\u00eda entre el aire fresco y el aire de escape extra\u00eddo de las habitaciones h\u00famedas como el ba\u00f1o, el inodoro o la cocina. Despu\u00e9s del intercambio de energ\u00eda, el aire de escape se descarga al exterior mediante el ventilador de extracci\u00f3n. Despu\u00e9s de pasar por el ERC, el aire fresco se mezcla con el aire de retorno limpio extra\u00eddo de las habitaciones limpias como el dormitorio o la sala de estar. El aire mezclado pasa luego por el filtro PM2.5, y el serpent\u00edn de calefacci\u00f3n o refrigeraci\u00f3n.<\/p>\n","protected":false},"excerpt":{"rendered":"<p>Ventilaci\u00f3n Centralizada con Enfriamiento\/Calefacci\u00f3n.<\/p>\n","protected":false},"featured_media":555,"comment_status":"open","ping_status":"closed","template":"","meta":[],"product_cat":[18,17,36,42],"product_tag":[],"class_list":{"0":"post-82","1":"product","2":"type-product","3":"status-publish","4":"has-post-thumbnail","6":"product_cat-categoria","7":"product_cat-marca","8":"product_cat-sistemas-de-ventilacion","9":"product_cat-zehnder","11":"first","12":"instock","13":"shipping-taxable","14":"purchasable","15":"product-type-simple"},"_links":{"self":[{"href":"https:\/\/construccioneplus.com\/mx\/wp-json\/wp\/v2\/product\/82","targetHints":{"allow":["GET"]}}],"collection":[{"href":"https:\/\/construccioneplus.com\/mx\/wp-json\/wp\/v2\/product"}],"about":[{"href":"https:\/\/construccioneplus.com\/mx\/wp-json\/wp\/v2\/types\/product"}],"replies":[{"embeddable":true,"href":"https:\/\/construccioneplus.com\/mx\/wp-json\/wp\/v2\/comments?post=82"}],"wp:featuredmedia":[{"embeddable":true,"href":"https:\/\/construccioneplus.com\/mx\/wp-json\/wp\/v2\/media\/555"}],"wp:attachment":[{"href":"https:\/\/construccioneplus.com\/mx\/wp-json\/wp\/v2\/media?parent=82"}],"wp:term":[{"taxonomy":"product_cat","embeddable":true,"href":"https:\/\/construccioneplus.com\/mx\/wp-json\/wp\/v2\/product_cat?post=82"},{"taxonomy":"product_tag","embeddable":true,"href":"https:\/\/construccioneplus.com\/mx\/wp-json\/wp\/v2\/product_tag?post=82"}],"curies":[{"name":"wp","href":"https:\/\/api.w.org\/{rel}","templated":true}]}}