{"id":80,"date":"2024-01-14T08:09:49","date_gmt":"2024-01-14T08:09:49","guid":{"rendered":"https:\/\/larredesign.cl\/test\/?post_type=product&#038;p=80"},"modified":"2025-10-07T04:01:44","modified_gmt":"2025-10-07T04:01:44","slug":"e2","status":"publish","type":"product","link":"https:\/\/construccioneplus.com\/mx\/producto\/e2\/","title":{"rendered":"E2"},"content":{"rendered":"<p>El e\u00b2 es uno de los ventiladores descentralizados m\u00e1s peque\u00f1os con recuperaci\u00f3n de calor en la ventilaci\u00f3n residencial.<\/p>\n<p>El sistema est\u00e1 compuesto por dos unidades que operan alternadamente para proporcionar una ventilaci\u00f3n balanceada. Mientras una unidad suministra aire fresco exterior, la otra unida extra aire viciado del interior de la vivienda. El flujo se invierte cada 70 segundos.<\/p>\n<p>Las unidades tienen filtros incorporados para eliminar part\u00edculas nocivas en el aire.<\/p>\n<div id=\"wrapper\">\n<div id=\"container\">\n<div class=\"inside\">\n<div id=\"article-24\" class=\"mod_article wide first last block\">\n<div class=\"inside\">\n<div class=\"mod_iso_productreader block\">\n<div class=\"product active\">\n<form id=\"fmd20_product_4\" action=\"https:\/\/www.lunos.de\/\" enctype=\"application\/x-www-form-urlencoded\" method=\"post\" name=\"iso326393982\">\n<div class=\"formbody\">\n<div class=\"rs-columns ce_rs_columns_start first\">\n<div class=\"ce_rs_column_start rs-column -large-col-4-2 -large-last -large-first-row -medium-col-4-2 -medium-last -medium-first-row -small-col-1-1 -small-first -small-last\">\n<div class=\"description\">\n<h4>Particularidades<\/h4>\n<p>El e\u00b2 es uno de los equipos de ventilaci\u00f3n m\u00e1s silenciosos de su clase, lo que lo hace perfecto para su uso en salas de estar y dormitorios. Con un consumo de energ\u00eda convertido de solo 0,09 W\/m\u00b3\/h, tambi\u00e9n es insuperable en t\u00e9rminos de eficiencia energ\u00e9tica.<\/p>\n<p>Se basa en el principio del intercambio de calor regenerativo. Con la ayuda de procesos de fabricaci\u00f3n de \u00faltima generaci\u00f3n, ha sido posible desarrollar un acumulador de calor compacto hecho de un material compuesto cer\u00e1mico que ofrece una tasa m\u00e1xima de recuperaci\u00f3n de calor del 96%. La combinaci\u00f3n con motores ec de alta eficiencia y un sistema de control inteligente ha permitido a LUNOS desarrollar uno de los ventiladores m\u00e1s econ\u00f3micos.<\/p>\n<h4>Instalaci\u00f3n<\/h4>\n<p>El e\u00b2 se puede utilizar tanto en edificios nuevos como en renovaciones. En edificios nuevos, se coloca entre los ladrillos con la ayuda de una carcasa montada en la pared o se reequipa con la ayuda de un orificio central de 162 mm durante una renovaci\u00f3n. La pared solo tiene que tener un grosor m\u00ednimo de 300 mm. El cableado se realiza directamente desde el controlador, que se instala en una toma de electr\u00f3nica disponible en el mercado o en el cuadro de subdistribuci\u00f3n. A partir de ah\u00ed, solo se requieren tres cables, que se presurizan con una tensi\u00f3n extra baja de protecci\u00f3n de 12 V.<\/p>\n<h4>Extra<\/h4>\n<p>Todos los productos de nuestra serie e\u00b2 garantizan un intercambio de aire en funci\u00f3n de las necesidades en verano sin tener que abrir las ventanas todo el tiempo. Puede leer m\u00e1s sobre el tema: C\u00f3mo ventilar adecuadamente en verano\u00a0<a href=\"https:\/\/www.lunos.de\/beitrag\/sommerlueften\" target=\"_blank\" rel=\"noopener\">aqu\u00ed<\/a>.<\/p>\n<h4>Admisi\u00f3n<\/h4>\n<p>El 1 de junio de 2021, el e\u00b2 recibi\u00f3 la\u00a0<a href=\"https:\/\/www.lunos.de\/files\/Downloads\/Zulassungen%20und%20Zertifikate\/Zulassung_e2-e2kurz.pdf\" target=\"_blank\" rel=\"noopener\">aprobaci\u00f3n<\/a>\u00a0t\u00e9cnica de DIBt.<\/p>\n<p>N.\u00ba de art\u00edculo: 39993<\/p>\n<p>&nbsp;<\/p>\n<h4>\u00a1Tenga en cuenta!<\/h4>\n<p>Las unidades de ventilaci\u00f3n y sus accesorios que tienen un certificado de usabilidad en forma de abZ (aprobaci\u00f3n t\u00e9cnica general) del DIBt (Instituto Alem\u00e1n de Tecnolog\u00eda de la Construcci\u00f3n) solo cumplen los requisitos del abZ si se instalan de acuerdo con las especificaciones de este abZ y se operan en el \u00e1rea de aplicaci\u00f3n descrita. Para cumplir con los requisitos del abZ, es importante prestar especial atenci\u00f3n a las respectivas situaciones de instalaci\u00f3n individuales y, opcionalmente, a los accesorios planificados\/instalados. El cumplimiento de los requisitos de abZ y, por ejemplo, de las normas estatales de construcci\u00f3n debe comprobarse in situ.<\/p>\n<\/div>\n<div class=\"data-head\">Caracter\u00edsticas t\u00e9cnicas<\/div>\n<div class=\"data\">\n<table>\n<tbody>\n<tr>\n<td>Fluir<\/td>\n<td>15 &#8211; 38 m\u00b3\/h<\/td>\n<\/tr>\n<tr>\n<td>Grado m\u00e1x. de suministro de calor<\/td>\n<td>96 %<\/td>\n<\/tr>\n<tr>\n<td>Grado de suministro de calor seg\u00fan EN 13141-8<\/td>\n<td>85 %<\/td>\n<\/tr>\n<tr>\n<td>Diferencia m\u00e1xima de nivel sonoro est\u00e1ndar Dn,e,w<\/td>\n<td>54 dB<\/td>\n<\/tr>\n<tr>\n<td>Nivel de potencia ac\u00fastica LW<\/td>\n<td>desde 29 dB(A)<\/td>\n<\/tr>\n<tr>\n<td>Consumo de energ\u00eda<\/td>\n<td>0,7 &#8211; 4 W<\/td>\n<\/tr>\n<tr>\n<td>Longitud m\u00ednima de instalaci\u00f3n<\/td>\n<td>280 mil\u00edmetros<\/td>\n<\/tr>\n<tr>\n<td>Dimensiones<\/td>\n<td>\u00d8 154 x 243 mm<\/td>\n<\/tr>\n<tr>\n<td>Compatibilidad<\/td>\n<td>Todos los sistemas de 160 mm incl. LUNOtherm y<br \/>\ncampanas exteriores como cierre externo<\/td>\n<\/tr>\n<tr>\n<td>Clase de eficiencia energ\u00e9tica<\/td>\n<td>Un<\/td>\n<\/tr>\n<\/tbody>\n<\/table>\n<p>&nbsp;<\/p>\n<\/div>\n<\/div>\n<div class=\"ce_rs_column_start rs-column -large-col-4-1 -large-last -large-last-row -medium-col-4-1 -medium-last -medium-last-row -small-col-1-1 -small-first -small-last -small-last-row\"><\/div>\n<\/div>\n<\/div>\n<\/form>\n<\/div>\n<\/div>\n<\/div>\n<\/div>\n<\/div>\n<p>&nbsp;<\/p>\n<\/div>\n<\/div>\n<footer id=\"footer\">\n<div class=\"inside\">\n<div class=\"rs-columns ce_rs_columns_start first\">\n<div class=\"rs-column -large-col-3-1 -large-last -large-first-row -medium-col-3-1 -medium-last -medium-first-row -small-col-1-1 -small-first -small-last\">\n<div id=\"social\" class=\"ce_text button strong-like-h5 block\">\n<p>&nbsp;<\/p>\n<\/div>\n<\/div>\n<\/div>\n<\/div>\n<\/footer>\n","protected":false},"excerpt":{"rendered":"<p>Sistemas de ventilaci\u00f3n descentralizados con recuperaci\u00f3n de calor. <strong>Conjunto de dos ventiladores<\/strong><\/p>\n","protected":false},"featured_media":81,"comment_status":"open","ping_status":"closed","template":"","meta":[],"product_cat":[18,20,17,36],"product_tag":[],"class_list":{"0":"post-80","1":"product","2":"type-product","3":"status-publish","4":"has-post-thumbnail","6":"product_cat-categoria","7":"product_cat-lunos","8":"product_cat-marca","9":"product_cat-sistemas-de-ventilacion","11":"first","12":"instock","13":"shipping-taxable","14":"purchasable","15":"product-type-simple"},"_links":{"self":[{"href":"https:\/\/construccioneplus.com\/mx\/wp-json\/wp\/v2\/product\/80","targetHints":{"allow":["GET"]}}],"collection":[{"href":"https:\/\/construccioneplus.com\/mx\/wp-json\/wp\/v2\/product"}],"about":[{"href":"https:\/\/construccioneplus.com\/mx\/wp-json\/wp\/v2\/types\/product"}],"replies":[{"embeddable":true,"href":"https:\/\/construccioneplus.com\/mx\/wp-json\/wp\/v2\/comments?post=80"}],"wp:featuredmedia":[{"embeddable":true,"href":"https:\/\/construccioneplus.com\/mx\/wp-json\/wp\/v2\/media\/81"}],"wp:attachment":[{"href":"https:\/\/construccioneplus.com\/mx\/wp-json\/wp\/v2\/media?parent=80"}],"wp:term":[{"taxonomy":"product_cat","embeddable":true,"href":"https:\/\/construccioneplus.com\/mx\/wp-json\/wp\/v2\/product_cat?post=80"},{"taxonomy":"product_tag","embeddable":true,"href":"https:\/\/construccioneplus.com\/mx\/wp-json\/wp\/v2\/product_tag?post=80"}],"curies":[{"name":"wp","href":"https:\/\/api.w.org\/{rel}","templated":true}]}}