{"id":495,"date":"2024-04-25T09:27:52","date_gmt":"2024-04-25T09:27:52","guid":{"rendered":"https:\/\/construccioneplus.com\/mx\/?post_type=product&#038;p=495"},"modified":"2025-10-07T03:51:45","modified_gmt":"2025-10-07T03:51:45","slug":"ego","status":"publish","type":"product","link":"https:\/\/construccioneplus.com\/mx\/producto\/ego\/","title":{"rendered":"eGO"},"content":{"rendered":"<p>El eGo garantiza una ventilaci\u00f3n \u00f3ptima con recuperaci\u00f3n de calor en ba\u00f1os y cocinas. De flujo dividido en la misma unidad, le permite suministrar aire fresco exterior y extraer aire viciado del interior de la vivienda en forma continua.<\/p>\n<p>En la clase de unidades de dos canales, el eGo es uno de los ventiladores m\u00e1s peque\u00f1os del mundo para ventilaci\u00f3n dom\u00e9stica con recuperaci\u00f3n de calor.<\/p>\n<p>El eGo cuenta con filtro incorporado para eliminar part\u00edculas nocivas en el aire. Al igual que el e\u00b2, el eGo se puede utilizar en edificios nuevos y en proyectos de renovaci\u00f3n.<\/p>\n","protected":false},"excerpt":{"rendered":"<p>El eGo garantiza una ventilaci\u00f3n \u00f3ptima con recuperaci\u00f3n de calor en ba\u00f1os y cocinas.<\/p>\n","protected":false},"featured_media":496,"comment_status":"open","ping_status":"closed","template":"","meta":[],"product_cat":[18,20,17,36],"product_tag":[],"class_list":{"0":"post-495","1":"product","2":"type-product","3":"status-publish","4":"has-post-thumbnail","6":"product_cat-categoria","7":"product_cat-lunos","8":"product_cat-marca","9":"product_cat-sistemas-de-ventilacion","11":"first","12":"instock","13":"shipping-taxable","14":"purchasable","15":"product-type-simple"},"_links":{"self":[{"href":"https:\/\/construccioneplus.com\/mx\/wp-json\/wp\/v2\/product\/495","targetHints":{"allow":["GET"]}}],"collection":[{"href":"https:\/\/construccioneplus.com\/mx\/wp-json\/wp\/v2\/product"}],"about":[{"href":"https:\/\/construccioneplus.com\/mx\/wp-json\/wp\/v2\/types\/product"}],"replies":[{"embeddable":true,"href":"https:\/\/construccioneplus.com\/mx\/wp-json\/wp\/v2\/comments?post=495"}],"wp:featuredmedia":[{"embeddable":true,"href":"https:\/\/construccioneplus.com\/mx\/wp-json\/wp\/v2\/media\/496"}],"wp:attachment":[{"href":"https:\/\/construccioneplus.com\/mx\/wp-json\/wp\/v2\/media?parent=495"}],"wp:term":[{"taxonomy":"product_cat","embeddable":true,"href":"https:\/\/construccioneplus.com\/mx\/wp-json\/wp\/v2\/product_cat?post=495"},{"taxonomy":"product_tag","embeddable":true,"href":"https:\/\/construccioneplus.com\/mx\/wp-json\/wp\/v2\/product_tag?post=495"}],"curies":[{"name":"wp","href":"https:\/\/api.w.org\/{rel}","templated":true}]}}