{"id":336,"date":"2024-03-07T04:09:05","date_gmt":"2024-03-07T04:09:05","guid":{"rendered":"https:\/\/construccioneplus.com\/mx\/?post_type=product&#038;p=336"},"modified":"2025-10-07T04:07:49","modified_gmt":"2025-10-07T04:07:49","slug":"kabseal-pro","status":"publish","type":"product","link":"https:\/\/construccioneplus.com\/mx\/producto\/kabseal-pro\/","title":{"rendered":"KABSEAL PRO"},"content":{"rendered":"<p>SELLADO HERM\u00c9TICO Y FLEXIBLE PARA CABLES Y TUBER\u00cdAS<br \/>\nKABSEAL PRO es un sellado herm\u00e9tico de alto rendimiento dise\u00f1ado para diversas aplicaciones en la envolvente del edificio. Este sellado resistente al desgarro y al envejecimiento puede soportar climas h\u00famedos, lo que lo hace perfecto para el sellado herm\u00e9tico r\u00e1pido y permanente de aberturas en la cubierta del edificio. Con una alta capacidad de adhesi\u00f3n y una funci\u00f3n de alivio de la tensi\u00f3n, KABSEAL PRO est\u00e1 hecho de goma permanentemente flexible, adecuada para su uso en un amplio rango de temperaturas y tanto en interiores como en exteriores. Esto lo convierte en la opci\u00f3n ideal para sellar cables, conductos, tuber\u00edas y secciones de ventilaci\u00f3n en la envolvente del edificio.<\/p>\n<p>Por qu\u00e9 elegir Partel KABSEAL PRO<\/p>\n<p>&#8211; Ecolabel Emicode EC1 PLUS: cumple con los estrictos requisitos de GEV para construcci\u00f3n.<br \/>\n&#8211; Sistema herm\u00e9tico certificado para Passive House: Clase phA.<br \/>\n&#8211; Fabricado con goma permanentemente flexible, para un amplio rango de temperaturas.<br \/>\n&#8211; Funci\u00f3n de alivio de la tensi\u00f3n.<br \/>\n&#8211; Extremadamente flexible, compensa el movimiento estructural.<br \/>\n&#8211; Excelente adhesi\u00f3n, resistente a climas h\u00famedos.<br \/>\n&#8211; Sellado preciso y permanente de penetraciones.<br \/>\n&#8211; Altamente resistente al desgarro.<br \/>\n&#8211; Fuerte adhesivo acr\u00edlico con excelente resistencia al envejecimiento.<br \/>\n&#8211; Liner de liberaci\u00f3n dividida para una instalaci\u00f3n r\u00e1pida.<br \/>\n&#8211; Componente libre de solventes.<\/p>\n","protected":false},"excerpt":{"rendered":"<p>SELLADO HERM\u00c9TICO Y FLEXIBLE PARA CABLES Y TUBER\u00cdAS KABSEAL PRO es un sellado herm\u00e9tico de alto rendimiento dise\u00f1ado para diversas aplicaciones en la envolvente del edificio. Este sellado resistente al desgarro y al envejecimiento puede soportar climas h\u00famedos, lo que lo hace perfecto para el sellado herm\u00e9tico r\u00e1pido y permanente de aberturas en la cubierta [&#8230;]\n","protected":false},"featured_media":354,"comment_status":"open","ping_status":"closed","template":"","meta":[],"product_cat":[25,18,17,19],"product_tag":[],"class_list":{"0":"post-336","1":"product","2":"type-product","3":"status-publish","4":"has-post-thumbnail","6":"product_cat-accesorios","7":"product_cat-categoria","8":"product_cat-marca","9":"product_cat-partel","11":"first","12":"instock","13":"shipping-taxable","14":"purchasable","15":"product-type-variable"},"_links":{"self":[{"href":"https:\/\/construccioneplus.com\/mx\/wp-json\/wp\/v2\/product\/336","targetHints":{"allow":["GET"]}}],"collection":[{"href":"https:\/\/construccioneplus.com\/mx\/wp-json\/wp\/v2\/product"}],"about":[{"href":"https:\/\/construccioneplus.com\/mx\/wp-json\/wp\/v2\/types\/product"}],"replies":[{"embeddable":true,"href":"https:\/\/construccioneplus.com\/mx\/wp-json\/wp\/v2\/comments?post=336"}],"wp:featuredmedia":[{"embeddable":true,"href":"https:\/\/construccioneplus.com\/mx\/wp-json\/wp\/v2\/media\/354"}],"wp:attachment":[{"href":"https:\/\/construccioneplus.com\/mx\/wp-json\/wp\/v2\/media?parent=336"}],"wp:term":[{"taxonomy":"product_cat","embeddable":true,"href":"https:\/\/construccioneplus.com\/mx\/wp-json\/wp\/v2\/product_cat?post=336"},{"taxonomy":"product_tag","embeddable":true,"href":"https:\/\/construccioneplus.com\/mx\/wp-json\/wp\/v2\/product_tag?post=336"}],"curies":[{"name":"wp","href":"https:\/\/api.w.org\/{rel}","templated":true}]}}