{"id":44,"date":"2024-01-14T05:38:48","date_gmt":"2024-01-14T05:38:48","guid":{"rendered":"https:\/\/larredesign.cl\/test\/?page_id=44"},"modified":"2024-06-11T18:28:22","modified_gmt":"2024-06-11T18:28:22","slug":"recursos","status":"publish","type":"page","link":"https:\/\/construccioneplus.com\/mx\/recursos\/","title":{"rendered":"Recursos"},"content":{"rendered":"\n<div class=\"slider-wrapper relative\" id=\"slider-805778817\" >\n    <div class=\"slider slider-nav-circle slider-nav-large slider-nav-light slider-style-normal\"\n        data-flickity-options='{\n            \"cellAlign\": \"center\",\n            \"imagesLoaded\": true,\n            \"lazyLoad\": 1,\n            \"freeScroll\": false,\n            \"wrapAround\": true,\n            \"autoPlay\": 6000,\n            \"pauseAutoPlayOnHover\" : true,\n            \"prevNextButtons\": true,\n            \"contain\" : true,\n            \"adaptiveHeight\" : true,\n            \"dragThreshold\" : 10,\n            \"percentPosition\": true,\n            \"pageDots\": true,\n            \"rightToLeft\": false,\n            \"draggable\": true,\n            \"selectedAttraction\": 0.1,\n            \"parallax\" : 0,\n            \"friction\": 0.6        }'\n        >\n        \n\n\n  <div class=\"banner has-hover\" id=\"banner-1409015530\">\n          <div class=\"banner-inner fill\">\n        <div class=\"banner-bg fill\" >\n            <div class=\"bg fill bg-fill \"><\/div>\n                                    \n\t<div class=\"is-border is-dashed\"\n\t\tstyle=\"border-radius:undefinedpx;border-width:2px 2px 2px 2px;margin:10px 10px 10px 10px;\">\n\t<\/div>\n                    <\/div>\n\t\t\n        <div class=\"banner-layers container\">\n            <div class=\"fill banner-link\"><\/div>            \n\n   <div id=\"text-box-2057908809\" class=\"text-box banner-layer x0 md-x0 lg-x0 y50 md-y50 lg-y50 res-text\">\n                     <div data-animate=\"flipInY\">           <div class=\"text-box-content text dark\">\n              \n              <div class=\"text-inner text-center\">\n                  \n\n\t<div id=\"text-4004704267\" class=\"text\">\n\t\t\n\n<h4><span style=\"font-size: 400%;\" data-line-height=\"xs\"><strong>RECURSOS<\/strong><\/span><\/h4>\n<h3 class=\"lead\">Conoce nuestra tecnolog\u00eda<\/h3>\n<h3 class=\"lead\">Passive House<\/h3>\n\t\t\n<style>\n#text-4004704267 {\n  text-align: left;\n  color: #202d61;\n}\n#text-4004704267 > * {\n  color: #202d61;\n}\n<\/style>\n\t<\/div>\n\t\n\n              <\/div>\n           <\/div>\n       <\/div>                     \n<style>\n#text-box-2057908809 {\n  width: 84%;\n}\n#text-box-2057908809 .text-box-content {\n  font-size: 111%;\n}\n@media (min-width:550px) {\n  #text-box-2057908809 {\n    width: 57%;\n  }\n  #text-box-2057908809 .text-box-content {\n    font-size: 100%;\n  }\n}\n<\/style>\n    <\/div>\n \n\n        <\/div>\n      <\/div>\n\n            \n<style>\n#banner-1409015530 {\n  padding-top: 600px;\n}\n#banner-1409015530 .bg.bg-loaded {\n  background-image: url(https:\/\/construccioneplus.com\/mx\/wp-content\/uploads\/2024\/06\/Banner-Recursos-2-1024x446.png);\n}\n#banner-1409015530 .bg {\n  background-position: 25% 63%;\n}\n<\/style>\n  <\/div>\n\n\n\n     <\/div>\n\n     <div class=\"loading-spin dark large centered\"><\/div>\n\n\t<\/div>\n\n\n<div class=\"text-center\"><div class=\"is-divider divider clearfix\" ><\/div><\/div>\n\n<div class=\"row row-full-width\"  id=\"row-909754429\">\n\n\n<\/div>\n<div class=\"row\"  id=\"row-1427820171\">\n\n\n\t<div id=\"col-81618403\" class=\"col small-12 large-12\"  >\n\t\t\t\t<div class=\"col-inner\"  >\n\t\t\t\n\t\t\t\n\n\t<div id=\"text-155155135\" class=\"text\">\n\t\t\n\n<h2 class=\"encabezado oscuro text-center\">Tecnolog\u00eda<\/h2>\n<p>En Construcci\u00f3n E-Plus, nos enorgullece implementar tecnolog\u00eda de vanguardia europea en la ciencia de la construcci\u00f3n para ofrecer un nivel excepcional de confort a los residentes.<\/p>\n<p>Nuestra metodolog\u00eda, basada en los principios de Passive House, garantiza una construcci\u00f3n libre de puentes t\u00e9rmicos. Esto no solo previene la formaci\u00f3n de superficies de condensaci\u00f3n, sino que tambi\u00e9n elimina por completo la posibilidad de que se desarrolle moho.<\/p>\n<p>En Construcci\u00f3n E-Plus, estamos comprometidos a crear espacios habitables que no solo cumplan con los est\u00e1ndares m\u00e1s exigentes en t\u00e9rminos de eficiencia energ\u00e9tica, sino que tambi\u00e9n garanticen un entorno saludable y c\u00f3modo para quienes los disfrutan.<\/p>\n\t\t\n<style>\n#text-155155135 {\n  text-align: center;\n  color: #202d61;\n}\n#text-155155135 > * {\n  color: #202d61;\n}\n<\/style>\n\t<\/div>\n\t\n\t\t<div class=\"losvideos\">\n\t\t\t\t\n\n<figure>\n    <video width=\"100%\" height=\"500\" controls>\n        <source src=\"https:\/\/construccioneplus.com\/mx\/wp-content\/uploads\/2024\/01\/passive.mp4\" type=\"video\/mp4\">\n        Tu navegador no soporta el elemento de video.\n    <\/video>\n<\/figure>\n\t\t<\/div>\n\t\n\n\t\t<\/div>\n\t\t\t\t\t<\/div>\n\n\t\n\n<\/div>\n\n","protected":false},"excerpt":{"rendered":"","protected":false},"author":1,"featured_media":0,"parent":0,"menu_order":0,"comment_status":"closed","ping_status":"closed","template":"page-blank.php","meta":{"footnotes":""},"class_list":["post-44","page","type-page","status-publish","hentry"],"_links":{"self":[{"href":"https:\/\/construccioneplus.com\/mx\/wp-json\/wp\/v2\/pages\/44","targetHints":{"allow":["GET"]}}],"collection":[{"href":"https:\/\/construccioneplus.com\/mx\/wp-json\/wp\/v2\/pages"}],"about":[{"href":"https:\/\/construccioneplus.com\/mx\/wp-json\/wp\/v2\/types\/page"}],"author":[{"embeddable":true,"href":"https:\/\/construccioneplus.com\/mx\/wp-json\/wp\/v2\/users\/1"}],"replies":[{"embeddable":true,"href":"https:\/\/construccioneplus.com\/mx\/wp-json\/wp\/v2\/comments?post=44"}],"version-history":[{"count":34,"href":"https:\/\/construccioneplus.com\/mx\/wp-json\/wp\/v2\/pages\/44\/revisions"}],"predecessor-version":[{"id":550,"href":"https:\/\/construccioneplus.com\/mx\/wp-json\/wp\/v2\/pages\/44\/revisions\/550"}],"wp:attachment":[{"href":"https:\/\/construccioneplus.com\/mx\/wp-json\/wp\/v2\/media?parent=44"}],"curies":[{"name":"wp","href":"https:\/\/api.w.org\/{rel}","templated":true}]}}