{"id":398,"date":"2024-03-07T06:52:37","date_gmt":"2024-03-07T06:52:37","guid":{"rendered":"https:\/\/construccioneplus.com\/mx\/?page_id=398"},"modified":"2024-03-07T06:52:53","modified_gmt":"2024-03-07T06:52:53","slug":"evaluacion-de-reduccion-de-energia","status":"publish","type":"page","link":"https:\/\/construccioneplus.com\/mx\/evaluacion-de-reduccion-de-energia\/","title":{"rendered":"Evaluaci\u00f3n de reducci\u00f3n de energ\u00eda"},"content":{"rendered":"\n\n  <div class=\"banner has-hover has-parallax\" id=\"banner-782210526\">\n          <div class=\"banner-inner fill\">\n        <div class=\"banner-bg fill\" data-parallax=\"-3\" data-parallax-container=\".banner\" data-parallax-background>\n            <div class=\"bg fill bg-fill \"><\/div>\n                        <div class=\"overlay\"><\/div>            \n                    <\/div>\n\t\t\n        <div class=\"banner-layers container\">\n            <div class=\"fill banner-link\"><\/div>            \n\n   <div id=\"text-box-1170567838\" class=\"text-box banner-layer x50 md-x95 lg-x95 y50 md-y5 lg-y5 res-text\">\n                     <div data-animate=\"fadeInRight\">           <div class=\"text-box-content text \">\n              \n              <div class=\"text-inner text-center\">\n                  \n\n\t<div id=\"text-1418144403\" class=\"text\">\n\t\t\n\n<div class=\"entry-title\">\n<h2>Evaluaci\u00f3n de Reducci\u00f3n de Energ\u00eda<\/h2>\n<\/div>\n<div class=\"lead TXTjustified\">\n<p>Trabajamos para maximizar los ahorros energ\u00e9ticos cumpliendo con los requisitos espec\u00edficos del cliente. Ingeniaremos y dise\u00f1aremos el proyecto para incluir diversas medidas de conservaci\u00f3n y tener en cuenta las interacciones entre los componentes instalados.<\/p>\n<\/div>\n\t\t\n<style>\n#text-1418144403 {\n  text-align: left;\n  color: rgb(0,0,0);\n}\n#text-1418144403 > * {\n  color: rgb(0,0,0);\n}\n<\/style>\n\t<\/div>\n\t\n\n              <\/div>\n           <\/div>\n       <\/div>                     \n<style>\n#text-box-1170567838 {\n  width: 80%;\n}\n#text-box-1170567838 .text-box-content {\n  font-size: 100%;\n}\n@media (min-width:550px) {\n  #text-box-1170567838 {\n    width: 41%;\n  }\n}\n<\/style>\n    <\/div>\n \n\t<div class=\"img has-hover x5 md-x5 lg-x5 y5 md-y5 lg-y5\" id=\"image_1750027223\">\n\t\t\t\t\t\t<div data-animate=\"fadeInLeft\">\t\t<div class=\"img-inner dark\" >\n\t\t\t<img loading=\"lazy\" decoding=\"async\" width=\"550\" height=\"415\" src=\"https:\/\/construccioneplus.com\/mx\/wp-content\/uploads\/2024\/03\/energyEvaluation.jpg\" class=\"attachment-large size-large\" alt=\"\" srcset=\"https:\/\/construccioneplus.com\/mx\/wp-content\/uploads\/2024\/03\/energyEvaluation.jpg 550w, https:\/\/construccioneplus.com\/mx\/wp-content\/uploads\/2024\/03\/energyEvaluation-300x226.jpg 300w\" sizes=\"auto, (max-width: 550px) 100vw, 550px\" \/>\t\t\t\t\t\t\n\t\t\t\t\t<\/div>\n\t\t<\/div>\t\t\t\t\t\t\n<style>\n#image_1750027223 {\n  width: 44%;\n}\n<\/style>\n\t<\/div>\n\t\n\n\n        <\/div>\n      <\/div>\n\n            \n<style>\n#banner-782210526 {\n  padding-top: 432px;\n}\n#banner-782210526 .bg.bg-loaded {\n  background-image: 8950;\n}\n#banner-782210526 .overlay {\n  background-color: rgba(0, 0, 0, 0.3);\n}\n#banner-782210526 .bg {\n  background-position: 32% 39%;\n}\n@media (min-width:550px) {\n  #banner-782210526 .overlay {\n    background-color: rgb(255, 255, 255);\n  }\n}\n<\/style>\n  <\/div>\n\n\nNo images found.\n\n\n","protected":false},"excerpt":{"rendered":"","protected":false},"author":1,"featured_media":0,"parent":0,"menu_order":0,"comment_status":"closed","ping_status":"closed","template":"page-blank.php","meta":{"footnotes":""},"class_list":["post-398","page","type-page","status-publish","hentry"],"_links":{"self":[{"href":"https:\/\/construccioneplus.com\/mx\/wp-json\/wp\/v2\/pages\/398","targetHints":{"allow":["GET"]}}],"collection":[{"href":"https:\/\/construccioneplus.com\/mx\/wp-json\/wp\/v2\/pages"}],"about":[{"href":"https:\/\/construccioneplus.com\/mx\/wp-json\/wp\/v2\/types\/page"}],"author":[{"embeddable":true,"href":"https:\/\/construccioneplus.com\/mx\/wp-json\/wp\/v2\/users\/1"}],"replies":[{"embeddable":true,"href":"https:\/\/construccioneplus.com\/mx\/wp-json\/wp\/v2\/comments?post=398"}],"version-history":[{"count":3,"href":"https:\/\/construccioneplus.com\/mx\/wp-json\/wp\/v2\/pages\/398\/revisions"}],"predecessor-version":[{"id":402,"href":"https:\/\/construccioneplus.com\/mx\/wp-json\/wp\/v2\/pages\/398\/revisions\/402"}],"wp:attachment":[{"href":"https:\/\/construccioneplus.com\/mx\/wp-json\/wp\/v2\/media?parent=398"}],"curies":[{"name":"wp","href":"https:\/\/api.w.org\/{rel}","templated":true}]}}