{"id":289,"date":"2024-02-05T09:45:48","date_gmt":"2024-02-05T09:45:48","guid":{"rendered":"https:\/\/larredesign.cl\/test\/?page_id=289"},"modified":"2024-02-05T09:45:51","modified_gmt":"2024-02-05T09:45:51","slug":"graven-hill-village-bicester","status":"publish","type":"page","link":"https:\/\/construccioneplus.com\/mx\/graven-hill-village-bicester\/","title":{"rendered":"Graven Hill Village, Bicester"},"content":{"rendered":"\n<div class=\"slider-wrapper relative\" id=\"slider-1671961368\" style=\"background-color:rgb(79, 79, 79);\">\n    <div class=\"slider slider-nav-circle slider-nav-normal slider-nav-light slider-style-normal slider-show-nav\"\n        data-flickity-options='{\n            \"cellAlign\": \"center\",\n            \"imagesLoaded\": true,\n            \"lazyLoad\": 1,\n            \"freeScroll\": false,\n            \"wrapAround\": true,\n            \"autoPlay\": 6000,\n            \"pauseAutoPlayOnHover\" : true,\n            \"prevNextButtons\": true,\n            \"contain\" : true,\n            \"adaptiveHeight\" : true,\n            \"dragThreshold\" : 10,\n            \"percentPosition\": true,\n            \"pageDots\": true,\n            \"rightToLeft\": false,\n            \"draggable\": true,\n            \"selectedAttraction\": 0.1,\n            \"parallax\" : 0,\n            \"friction\": 0.6        }'\n        >\n        \n\n\n  <div class=\"banner has-hover has-parallax\" id=\"banner-590202026\">\n          <div class=\"banner-inner fill\">\n        <div class=\"banner-bg fill\" data-parallax=\"-2\" data-parallax-container=\".banner\" data-parallax-background>\n            <div class=\"bg fill bg-fill \"><\/div>\n                        <div class=\"overlay\"><\/div>            \n                    <\/div>\n\t\t\n        <div class=\"banner-layers container\">\n            <div class=\"fill banner-link\"><\/div>            \n\n   <div id=\"text-box-1940679824\" class=\"text-box banner-layer x50 md-x50 lg-x50 y50 md-y50 lg-y50 res-text\">\n                     <div data-animate=\"blurIn\">           <div class=\"text-box-content text dark\">\n              \n              <div class=\"text-inner text-center\">\n                  \n\n<div class=\"is-divider divider clearfix\" ><\/div>\n\n<h1 class=\"w-post-elm post_title page_title align_center entry-title color_link_inherit\">Graven Hill Village, Bicester<\/h1>\n<div class=\"is-divider divider clearfix\" ><\/div>\n\n\n              <\/div>\n           <\/div>\n       <\/div>                     \n<style>\n#text-box-1940679824 {\n  width: 69%;\n}\n#text-box-1940679824 .text-box-content {\n  font-size: 105%;\n}\n@media (min-width:550px) {\n  #text-box-1940679824 {\n    width: 60%;\n  }\n  #text-box-1940679824 .text-box-content {\n    font-size: 100%;\n  }\n}\n<\/style>\n    <\/div>\n \n\n        <\/div>\n      <\/div>\n\n            \n<style>\n#banner-590202026 {\n  padding-top: 600px;\n}\n#banner-590202026 .bg.bg-loaded {\n  background-image: url(https:\/\/construccioneplus.com\/mx\/wp-content\/uploads\/2024\/02\/proj-graven-hill-village-bicester.webp);\n}\n#banner-590202026 .overlay {\n  background-color: rgba(0,0,0,.5);\n}\n#banner-590202026 .bg {\n  background-position: 100% 0%;\n}\n<\/style>\n  <\/div>\n\n\n\n     <\/div>\n\n     <div class=\"loading-spin dark large centered\"><\/div>\n\n\t<\/div>\n\n\n\t<section class=\"section\" id=\"section_391949262\">\n\t\t<div class=\"bg section-bg fill bg-fill  bg-loaded\" >\n\n\t\t\t\n\t\t\t<div class=\"section-bg-overlay absolute fill\"><\/div>\n\t\t\t\n\n\t\t<\/div>\n\n\t\t\n\n\t\t<div class=\"section-content relative\">\n\t\t\t\n\n<div class=\"row row-large\"  id=\"row-108608433\">\n\n\n\t<div id=\"col-228558188\" class=\"col medium-6 small-12 large-6\"  >\n\t\t\t\t<div class=\"col-inner\"  >\n\t\t\t\n\t\t\t\n\n\t<div class=\"img has-hover x md-x lg-x y md-y lg-y\" id=\"image_1666583276\">\n\t\t\t\t\t\t\t\t<div class=\"img-inner dark\" >\n\t\t\t<img loading=\"lazy\" decoding=\"async\" width=\"1000\" height=\"582\" src=\"https:\/\/construccioneplus.com\/mx\/wp-content\/uploads\/2024\/02\/proj-graven-hill-village-bicester.webp\" class=\"attachment-large size-large\" alt=\"\" srcset=\"https:\/\/construccioneplus.com\/mx\/wp-content\/uploads\/2024\/02\/proj-graven-hill-village-bicester.webp 1000w, https:\/\/construccioneplus.com\/mx\/wp-content\/uploads\/2024\/02\/proj-graven-hill-village-bicester-300x175.webp 300w, https:\/\/construccioneplus.com\/mx\/wp-content\/uploads\/2024\/02\/proj-graven-hill-village-bicester-768x447.webp 768w, https:\/\/construccioneplus.com\/mx\/wp-content\/uploads\/2024\/02\/proj-graven-hill-village-bicester-600x349.webp 600w\" sizes=\"auto, (max-width: 1000px) 100vw, 1000px\" \/>\t\t\t\t\t\t\n\t\t\t\t\t<\/div>\n\t\t\t\t\t\t\t\t\n<style>\n#image_1666583276 {\n  width: 100%;\n}\n<\/style>\n\t<\/div>\n\t\n\n\n\t\t<\/div>\n\t\t\t\t\t<\/div>\n\n\t\n\n\t<div id=\"col-1418775853\" class=\"col medium-6 small-12 large-6\"  >\n\t\t\t\t<div class=\"col-inner text-left\"  >\n\t\t\t\n\t\t\t\n\n<h2>Descripci\u00f3n del proyecto<\/h2>\n<p>Este proyecto es uno de los desarrollos m\u00e1s grandes en el Reino Unido. Los sistemas herm\u00e9ticos al aire y al viento de E-Plus se han utilizado extensamente en toda la construcci\u00f3n de Graven Hill. Dise\u00f1ados para ser compatibles con todos los sistemas de construcci\u00f3n convencionales, las membranas y cintas de alto rendimiento aseguran una protecci\u00f3n \u00f3ptima contra la humedad, ayudan a evitar da\u00f1os estructurales, mejoran la eficiencia energ\u00e9tica de los edificios y la comodidad de sus ocupantes.<\/p>\n\n\t\t<\/div>\n\t\t\t\t\t<\/div>\n\n\t\n\n<\/div>\n\n\t\t<\/div>\n\n\t\t\n<style>\n#section_391949262 {\n  padding-top: 60px;\n  padding-bottom: 60px;\n}\n#section_391949262 .section-bg-overlay {\n  background-color: rgba(255, 255, 255, 0.85);\n}\n<\/style>\n\t<\/section>\n\t\n\n  \n    <div class=\"row large-columns-4 medium-columns-3 small-columns-2 row-small slider row-slider slider-nav-reveal slider-nav-push\"  data-flickity-options='{\"imagesLoaded\": true, \"groupCells\": \"100%\", \"dragThreshold\" : 5, \"cellAlign\": \"left\",\"wrapAround\": true,\"prevNextButtons\": true,\"percentPosition\": true,\"pageDots\": false, \"rightToLeft\": false, \"autoPlay\" : false}' >\n\n  \t<\/div>\n\n\n","protected":false},"excerpt":{"rendered":"","protected":false},"author":1,"featured_media":0,"parent":0,"menu_order":0,"comment_status":"closed","ping_status":"closed","template":"","meta":{"footnotes":""},"class_list":["post-289","page","type-page","status-publish","hentry"],"_links":{"self":[{"href":"https:\/\/construccioneplus.com\/mx\/wp-json\/wp\/v2\/pages\/289","targetHints":{"allow":["GET"]}}],"collection":[{"href":"https:\/\/construccioneplus.com\/mx\/wp-json\/wp\/v2\/pages"}],"about":[{"href":"https:\/\/construccioneplus.com\/mx\/wp-json\/wp\/v2\/types\/page"}],"author":[{"embeddable":true,"href":"https:\/\/construccioneplus.com\/mx\/wp-json\/wp\/v2\/users\/1"}],"replies":[{"embeddable":true,"href":"https:\/\/construccioneplus.com\/mx\/wp-json\/wp\/v2\/comments?post=289"}],"version-history":[{"count":2,"href":"https:\/\/construccioneplus.com\/mx\/wp-json\/wp\/v2\/pages\/289\/revisions"}],"predecessor-version":[{"id":291,"href":"https:\/\/construccioneplus.com\/mx\/wp-json\/wp\/v2\/pages\/289\/revisions\/291"}],"wp:attachment":[{"href":"https:\/\/construccioneplus.com\/mx\/wp-json\/wp\/v2\/media?parent=289"}],"curies":[{"name":"wp","href":"https:\/\/api.w.org\/{rel}","templated":true}]}}