{"id":250,"date":"2024-02-05T08:26:04","date_gmt":"2024-02-05T08:26:04","guid":{"rendered":"https:\/\/larredesign.cl\/test\/?page_id=250"},"modified":"2024-02-05T08:26:41","modified_gmt":"2024-02-05T08:26:41","slug":"drumhierny-woodland","status":"publish","type":"page","link":"https:\/\/construccioneplus.com\/mx\/drumhierny-woodland\/","title":{"rendered":"Drumhierny Woodland"},"content":{"rendered":"\n<div class=\"slider-wrapper relative\" id=\"slider-1934767638\" style=\"background-color:rgb(79, 79, 79);\">\n    <div class=\"slider slider-nav-circle slider-nav-normal slider-nav-light slider-style-normal slider-show-nav\"\n        data-flickity-options='{\n            \"cellAlign\": \"center\",\n            \"imagesLoaded\": true,\n            \"lazyLoad\": 1,\n            \"freeScroll\": false,\n            \"wrapAround\": true,\n            \"autoPlay\": 6000,\n            \"pauseAutoPlayOnHover\" : true,\n            \"prevNextButtons\": true,\n            \"contain\" : true,\n            \"adaptiveHeight\" : true,\n            \"dragThreshold\" : 10,\n            \"percentPosition\": true,\n            \"pageDots\": true,\n            \"rightToLeft\": false,\n            \"draggable\": true,\n            \"selectedAttraction\": 0.1,\n            \"parallax\" : 0,\n            \"friction\": 0.6        }'\n        >\n        \n\n\n  <div class=\"banner has-hover has-parallax\" id=\"banner-320861214\">\n          <div class=\"banner-inner fill\">\n        <div class=\"banner-bg fill\" data-parallax=\"-2\" data-parallax-container=\".banner\" data-parallax-background>\n            <div class=\"bg fill bg-fill \"><\/div>\n                        <div class=\"overlay\"><\/div>            \n                    <\/div>\n\t\t\n        <div class=\"banner-layers container\">\n            <div class=\"fill banner-link\"><\/div>            \n\n   <div id=\"text-box-993472924\" class=\"text-box banner-layer x50 md-x50 lg-x50 y50 md-y50 lg-y50 res-text\">\n                     <div data-animate=\"blurIn\">           <div class=\"text-box-content text dark\">\n              \n              <div class=\"text-inner text-center\">\n                  \n\n<div class=\"is-divider divider clearfix\" ><\/div>\n\n<h1 class=\"w-post-elm post_title page_title align_center entry-title color_link_inherit\">Drumhierny Woodland<\/h1>\n<div class=\"is-divider divider clearfix\" ><\/div>\n\n\n              <\/div>\n           <\/div>\n       <\/div>                     \n<style>\n#text-box-993472924 {\n  width: 69%;\n}\n#text-box-993472924 .text-box-content {\n  font-size: 105%;\n}\n@media (min-width:550px) {\n  #text-box-993472924 {\n    width: 60%;\n  }\n  #text-box-993472924 .text-box-content {\n    font-size: 100%;\n  }\n}\n<\/style>\n    <\/div>\n \n\n        <\/div>\n      <\/div>\n\n            \n<style>\n#banner-320861214 {\n  padding-top: 600px;\n}\n#banner-320861214 .bg.bg-loaded {\n  background-image: url(https:\/\/construccioneplus.com\/mx\/wp-content\/uploads\/2024\/02\/Drumhierny-Hideaway-Lodge-LGSF-Case-Study.webp);\n}\n#banner-320861214 .overlay {\n  background-color: rgba(0,0,0,.5);\n}\n#banner-320861214 .bg {\n  background-position: 100% 100%;\n}\n<\/style>\n  <\/div>\n\n\n\n     <\/div>\n\n     <div class=\"loading-spin dark large centered\"><\/div>\n\n\t<\/div>\n\n\n\t<section class=\"section\" id=\"section_2085429518\">\n\t\t<div class=\"bg section-bg fill bg-fill  bg-loaded\" >\n\n\t\t\t\n\t\t\t<div class=\"section-bg-overlay absolute fill\"><\/div>\n\t\t\t\n\n\t\t<\/div>\n\n\t\t\n\n\t\t<div class=\"section-content relative\">\n\t\t\t\n\n<div class=\"row row-large\"  id=\"row-247347615\">\n\n\n\t<div id=\"col-1117129020\" class=\"col medium-6 small-12 large-6\"  >\n\t\t\t\t<div class=\"col-inner\"  >\n\t\t\t\n\t\t\t\n\n\t<div class=\"img has-hover x md-x lg-x y md-y lg-y\" id=\"image_1081672759\">\n\t\t\t\t\t\t\t\t<div class=\"img-inner dark\" >\n\t\t\t<img loading=\"lazy\" decoding=\"async\" width=\"1020\" height=\"538\" src=\"https:\/\/construccioneplus.com\/mx\/wp-content\/uploads\/2024\/02\/Drumhierny-Hideaway-Lodge-LGSF-Case-Study.webp\" class=\"attachment-large size-large\" alt=\"\" srcset=\"https:\/\/construccioneplus.com\/mx\/wp-content\/uploads\/2024\/02\/Drumhierny-Hideaway-Lodge-LGSF-Case-Study.webp 1024w, https:\/\/construccioneplus.com\/mx\/wp-content\/uploads\/2024\/02\/Drumhierny-Hideaway-Lodge-LGSF-Case-Study-300x158.webp 300w, https:\/\/construccioneplus.com\/mx\/wp-content\/uploads\/2024\/02\/Drumhierny-Hideaway-Lodge-LGSF-Case-Study-768x405.webp 768w, https:\/\/construccioneplus.com\/mx\/wp-content\/uploads\/2024\/02\/Drumhierny-Hideaway-Lodge-LGSF-Case-Study-600x316.webp 600w\" sizes=\"auto, (max-width: 1020px) 100vw, 1020px\" \/>\t\t\t\t\t\t\n\t\t\t\t\t<\/div>\n\t\t\t\t\t\t\t\t\n<style>\n#image_1081672759 {\n  width: 100%;\n}\n<\/style>\n\t<\/div>\n\t\n\n\t<div class=\"img has-hover x md-x lg-x y md-y lg-y\" id=\"image_1459099590\">\n\t\t\t\t\t\t\t\t<div class=\"img-inner dark\" >\n\t\t\t<img loading=\"lazy\" decoding=\"async\" width=\"1020\" height=\"765\" src=\"https:\/\/construccioneplus.com\/mx\/wp-content\/uploads\/2024\/02\/Drumhierny-Lodge-Styles-1-1024x768-1.webp\" class=\"attachment-large size-large\" alt=\"\" srcset=\"https:\/\/construccioneplus.com\/mx\/wp-content\/uploads\/2024\/02\/Drumhierny-Lodge-Styles-1-1024x768-1.webp 1024w, https:\/\/construccioneplus.com\/mx\/wp-content\/uploads\/2024\/02\/Drumhierny-Lodge-Styles-1-1024x768-1-300x225.webp 300w, https:\/\/construccioneplus.com\/mx\/wp-content\/uploads\/2024\/02\/Drumhierny-Lodge-Styles-1-1024x768-1-768x576.webp 768w, https:\/\/construccioneplus.com\/mx\/wp-content\/uploads\/2024\/02\/Drumhierny-Lodge-Styles-1-1024x768-1-600x450.webp 600w\" sizes=\"auto, (max-width: 1020px) 100vw, 1020px\" \/>\t\t\t\t\t\t\n\t\t\t\t\t<\/div>\n\t\t\t\t\t\t\t\t\n<style>\n#image_1459099590 {\n  width: 100%;\n}\n<\/style>\n\t<\/div>\n\t\n\n\n\t\t<\/div>\n\t\t\t\t\t<\/div>\n\n\t\n\n\t<div id=\"col-813629821\" class=\"col medium-6 small-12 large-6\"  >\n\t\t\t\t<div class=\"col-inner text-left\"  >\n\t\t\t\n\t\t\t\n\n<h2>Descripci\u00f3n del proyecto<\/h2>\n<p>Ubicado en el coraz\u00f3n oculto de Irlanda, con vistas a la Blueway del Shannon y al r\u00edo Shannon, Drumhierny es un desarrollo \u00fanico de caba\u00f1as de vacaciones de alta gama situado en una finca de 100 acres de bosque. Con la naturaleza en el centro de la visi\u00f3n del cliente, la aspiraci\u00f3n era crear refugios inspiradores para descansos a corto plazo, al tiempo que se proteg\u00eda y mejoraba el h\u00e1bitat natural de \u00e1rboles majestuosos, paseos naturales y diversos ecosistemas para las generaciones futuras.<\/p>\n<p>Este proyecto de m\u00faltiples unidades consta de diecis\u00e9is caba\u00f1as, en cuatro estilos arquitect\u00f3nicos distintos, cada una ubicada en su propia \u00e1rea privada de bosque. Las caba\u00f1as han sido dise\u00f1adas, fabricadas y construidas para lograr una calificaci\u00f3n energ\u00e9tica A (BER). Para ayudar a lograr un sobre t\u00e9rmico eficiente, se utilizaron varios productos de E-Plus.<\/p>\n<p>Los edificios fueron construidos utilizando un marco de acero ligero (LGS) fabricado fuera del sitio. Como parte de la construcci\u00f3n del marco, se utilizaron varias soluciones de E-Plus para el sobre t\u00e9rmico de bajo carbono. Esto incluy\u00f3 EXOPERM MONO 150, una membrana de transpiraci\u00f3n de alto rendimiento, IZOPERM PLUS, una capa de control de vapor certificada para casas pasivas de Clase phA; y CONEXO MULTISEAL, una cinta herm\u00e9tica certificada para casas pasivas de Clase phA.<\/p>\n\n\t\t<\/div>\n\t\t\t\t\t<\/div>\n\n\t\n\n<\/div>\n\n\t\t<\/div>\n\n\t\t\n<style>\n#section_2085429518 {\n  padding-top: 60px;\n  padding-bottom: 60px;\n}\n#section_2085429518 .section-bg-overlay {\n  background-color: rgba(255, 255, 255, 0.85);\n}\n<\/style>\n\t<\/section>\n\t\n<div class=\"container section-title-container\" ><h3 class=\"section-title section-title-center\"><b><\/b><span class=\"section-title-main\" >Galer\u00eda de im\u00e1genes<\/span><b><\/b><\/h3><\/div>\n\n\n  \n    <div class=\"row large-columns-4 medium-columns-3 small-columns-2 row-collapse slider row-slider slider-nav-reveal\"  data-flickity-options='{\"imagesLoaded\": true, \"groupCells\": \"100%\", \"dragThreshold\" : 5, \"cellAlign\": \"left\",\"wrapAround\": true,\"prevNextButtons\": true,\"percentPosition\": true,\"pageDots\": false, \"rightToLeft\": false, \"autoPlay\" : 4000}' >\n\n  <div class=\"gallery-col col\" data-animate=\"fadeInLeft\">\n          <div class=\"col-inner\">\n            <a class=\"image-lightbox lightbox-gallery\" href=\"https:\/\/construccioneplus.com\/mx\/wp-content\/uploads\/2024\/02\/Drumhierny-Hideaway-Floor-Panel-1024x768-1.webp\" title=\"\">            <div class=\"box has-hover gallery-box box-overlay dark\">\n              <div class=\"box-image image-cover\" style=\"padding-top:75%;\">\n                <img loading=\"lazy\" decoding=\"async\" width=\"300\" height=\"225\" src=\"https:\/\/construccioneplus.com\/mx\/wp-content\/uploads\/2024\/02\/Drumhierny-Hideaway-Floor-Panel-1024x768-1-300x225.webp\" class=\"attachment-medium size-medium\" alt=\"\" ids=\"252,253,254,255,256,\" type=\"slider\" col_spacing=\"collapse\" animate=\"fadeInLeft\" auto_slide=\"4000\" image_height=\"75%\" srcset=\"https:\/\/construccioneplus.com\/mx\/wp-content\/uploads\/2024\/02\/Drumhierny-Hideaway-Floor-Panel-1024x768-1-300x225.webp 300w, https:\/\/construccioneplus.com\/mx\/wp-content\/uploads\/2024\/02\/Drumhierny-Hideaway-Floor-Panel-1024x768-1-768x576.webp 768w, https:\/\/construccioneplus.com\/mx\/wp-content\/uploads\/2024\/02\/Drumhierny-Hideaway-Floor-Panel-1024x768-1-600x450.webp 600w, https:\/\/construccioneplus.com\/mx\/wp-content\/uploads\/2024\/02\/Drumhierny-Hideaway-Floor-Panel-1024x768-1.webp 1024w\" sizes=\"auto, (max-width: 300px) 100vw, 300px\" \/>                                  <div class=\"overlay fill\"\n                      style=\"background-color: rgba(0,0,0,.15)\">\n                  <\/div>\n                                                              <\/div>\n              <div class=\"box-text text-left\" >\n                 <p><\/p>\n              <\/div>\n            <\/div>\n            <\/a>          <\/div>\n         <\/div><div class=\"gallery-col col\" data-animate=\"fadeInLeft\">\n          <div class=\"col-inner\">\n            <a class=\"image-lightbox lightbox-gallery\" href=\"https:\/\/construccioneplus.com\/mx\/wp-content\/uploads\/2024\/02\/Drumhierny-Hideaway-Wall-Panel-1024x768-1.webp\" title=\"\">            <div class=\"box has-hover gallery-box box-overlay dark\">\n              <div class=\"box-image image-cover\" style=\"padding-top:75%;\">\n                <img loading=\"lazy\" decoding=\"async\" width=\"300\" height=\"225\" src=\"https:\/\/construccioneplus.com\/mx\/wp-content\/uploads\/2024\/02\/Drumhierny-Hideaway-Wall-Panel-1024x768-1-300x225.webp\" class=\"attachment-medium size-medium\" alt=\"\" ids=\"252,253,254,255,256,\" type=\"slider\" col_spacing=\"collapse\" animate=\"fadeInLeft\" auto_slide=\"4000\" image_height=\"75%\" srcset=\"https:\/\/construccioneplus.com\/mx\/wp-content\/uploads\/2024\/02\/Drumhierny-Hideaway-Wall-Panel-1024x768-1-300x225.webp 300w, https:\/\/construccioneplus.com\/mx\/wp-content\/uploads\/2024\/02\/Drumhierny-Hideaway-Wall-Panel-1024x768-1-768x576.webp 768w, https:\/\/construccioneplus.com\/mx\/wp-content\/uploads\/2024\/02\/Drumhierny-Hideaway-Wall-Panel-1024x768-1-600x450.webp 600w, https:\/\/construccioneplus.com\/mx\/wp-content\/uploads\/2024\/02\/Drumhierny-Hideaway-Wall-Panel-1024x768-1.webp 1024w\" sizes=\"auto, (max-width: 300px) 100vw, 300px\" \/>                                  <div class=\"overlay fill\"\n                      style=\"background-color: rgba(0,0,0,.15)\">\n                  <\/div>\n                                                              <\/div>\n              <div class=\"box-text text-left\" >\n                 <p><\/p>\n              <\/div>\n            <\/div>\n            <\/a>          <\/div>\n         <\/div><div class=\"gallery-col col\" data-animate=\"fadeInLeft\">\n          <div class=\"col-inner\">\n            <a class=\"image-lightbox lightbox-gallery\" href=\"https:\/\/construccioneplus.com\/mx\/wp-content\/uploads\/2024\/02\/Drumhierny-Hideaway-Wall-Panels-1024x768-1.webp\" title=\"\">            <div class=\"box has-hover gallery-box box-overlay dark\">\n              <div class=\"box-image image-cover\" style=\"padding-top:75%;\">\n                <img loading=\"lazy\" decoding=\"async\" width=\"300\" height=\"225\" src=\"https:\/\/construccioneplus.com\/mx\/wp-content\/uploads\/2024\/02\/Drumhierny-Hideaway-Wall-Panels-1024x768-1-300x225.webp\" class=\"attachment-medium size-medium\" alt=\"\" ids=\"252,253,254,255,256,\" type=\"slider\" col_spacing=\"collapse\" animate=\"fadeInLeft\" auto_slide=\"4000\" image_height=\"75%\" srcset=\"https:\/\/construccioneplus.com\/mx\/wp-content\/uploads\/2024\/02\/Drumhierny-Hideaway-Wall-Panels-1024x768-1-300x225.webp 300w, https:\/\/construccioneplus.com\/mx\/wp-content\/uploads\/2024\/02\/Drumhierny-Hideaway-Wall-Panels-1024x768-1-768x576.webp 768w, https:\/\/construccioneplus.com\/mx\/wp-content\/uploads\/2024\/02\/Drumhierny-Hideaway-Wall-Panels-1024x768-1-600x450.webp 600w, https:\/\/construccioneplus.com\/mx\/wp-content\/uploads\/2024\/02\/Drumhierny-Hideaway-Wall-Panels-1024x768-1.webp 1024w\" sizes=\"auto, (max-width: 300px) 100vw, 300px\" \/>                                  <div class=\"overlay fill\"\n                      style=\"background-color: rgba(0,0,0,.15)\">\n                  <\/div>\n                                                              <\/div>\n              <div class=\"box-text text-left\" >\n                 <p><\/p>\n              <\/div>\n            <\/div>\n            <\/a>          <\/div>\n         <\/div><div class=\"gallery-col col\" data-animate=\"fadeInLeft\">\n          <div class=\"col-inner\">\n            <a class=\"image-lightbox lightbox-gallery\" href=\"https:\/\/construccioneplus.com\/mx\/wp-content\/uploads\/2024\/02\/Drumhierny-Lodge-Styles-1-1024x768-1.webp\" title=\"\">            <div class=\"box has-hover gallery-box box-overlay dark\">\n              <div class=\"box-image image-cover\" style=\"padding-top:75%;\">\n                <img loading=\"lazy\" decoding=\"async\" width=\"300\" height=\"225\" src=\"https:\/\/construccioneplus.com\/mx\/wp-content\/uploads\/2024\/02\/Drumhierny-Lodge-Styles-1-1024x768-1-300x225.webp\" class=\"attachment-medium size-medium\" alt=\"\" ids=\"252,253,254,255,256,\" type=\"slider\" col_spacing=\"collapse\" animate=\"fadeInLeft\" auto_slide=\"4000\" image_height=\"75%\" srcset=\"https:\/\/construccioneplus.com\/mx\/wp-content\/uploads\/2024\/02\/Drumhierny-Lodge-Styles-1-1024x768-1-300x225.webp 300w, https:\/\/construccioneplus.com\/mx\/wp-content\/uploads\/2024\/02\/Drumhierny-Lodge-Styles-1-1024x768-1-768x576.webp 768w, https:\/\/construccioneplus.com\/mx\/wp-content\/uploads\/2024\/02\/Drumhierny-Lodge-Styles-1-1024x768-1-600x450.webp 600w, https:\/\/construccioneplus.com\/mx\/wp-content\/uploads\/2024\/02\/Drumhierny-Lodge-Styles-1-1024x768-1.webp 1024w\" sizes=\"auto, (max-width: 300px) 100vw, 300px\" \/>                                  <div class=\"overlay fill\"\n                      style=\"background-color: rgba(0,0,0,.15)\">\n                  <\/div>\n                                                              <\/div>\n              <div class=\"box-text text-left\" >\n                 <p><\/p>\n              <\/div>\n            <\/div>\n            <\/a>          <\/div>\n         <\/div><div class=\"gallery-col col\" data-animate=\"fadeInLeft\">\n          <div class=\"col-inner\">\n            <a class=\"image-lightbox lightbox-gallery\" href=\"https:\/\/construccioneplus.com\/mx\/wp-content\/uploads\/2024\/02\/Drumhierny-Roof-Panel.webp\" title=\"\">            <div class=\"box has-hover gallery-box box-overlay dark\">\n              <div class=\"box-image image-cover\" style=\"padding-top:75%;\">\n                <img loading=\"lazy\" decoding=\"async\" width=\"300\" height=\"300\" src=\"https:\/\/construccioneplus.com\/mx\/wp-content\/uploads\/2024\/02\/Drumhierny-Roof-Panel.webp\" class=\"attachment-medium size-medium\" alt=\"\" ids=\"252,253,254,255,256,\" type=\"slider\" col_spacing=\"collapse\" animate=\"fadeInLeft\" auto_slide=\"4000\" image_height=\"75%\" srcset=\"https:\/\/construccioneplus.com\/mx\/wp-content\/uploads\/2024\/02\/Drumhierny-Roof-Panel.webp 300w, https:\/\/construccioneplus.com\/mx\/wp-content\/uploads\/2024\/02\/Drumhierny-Roof-Panel-150x150.webp 150w, https:\/\/construccioneplus.com\/mx\/wp-content\/uploads\/2024\/02\/Drumhierny-Roof-Panel-100x100.webp 100w\" sizes=\"auto, (max-width: 300px) 100vw, 300px\" \/>                                  <div class=\"overlay fill\"\n                      style=\"background-color: rgba(0,0,0,.15)\">\n                  <\/div>\n                                                              <\/div>\n              <div class=\"box-text text-left\" >\n                 <p><\/p>\n              <\/div>\n            <\/div>\n            <\/a>          <\/div>\n         <\/div><\/div>\n\n\n  \n    <div class=\"row large-columns-4 medium-columns-3 small-columns-2 row-small slider row-slider slider-nav-reveal slider-nav-push\"  data-flickity-options='{\"imagesLoaded\": true, \"groupCells\": \"100%\", \"dragThreshold\" : 5, \"cellAlign\": \"left\",\"wrapAround\": true,\"prevNextButtons\": true,\"percentPosition\": true,\"pageDots\": false, \"rightToLeft\": false, \"autoPlay\" : false}' >\n\n  \t<\/div>\n\n\n","protected":false},"excerpt":{"rendered":"","protected":false},"author":1,"featured_media":0,"parent":0,"menu_order":0,"comment_status":"closed","ping_status":"closed","template":"","meta":{"footnotes":""},"class_list":["post-250","page","type-page","status-publish","hentry"],"_links":{"self":[{"href":"https:\/\/construccioneplus.com\/mx\/wp-json\/wp\/v2\/pages\/250","targetHints":{"allow":["GET"]}}],"collection":[{"href":"https:\/\/construccioneplus.com\/mx\/wp-json\/wp\/v2\/pages"}],"about":[{"href":"https:\/\/construccioneplus.com\/mx\/wp-json\/wp\/v2\/types\/page"}],"author":[{"embeddable":true,"href":"https:\/\/construccioneplus.com\/mx\/wp-json\/wp\/v2\/users\/1"}],"replies":[{"embeddable":true,"href":"https:\/\/construccioneplus.com\/mx\/wp-json\/wp\/v2\/comments?post=250"}],"version-history":[{"count":2,"href":"https:\/\/construccioneplus.com\/mx\/wp-json\/wp\/v2\/pages\/250\/revisions"}],"predecessor-version":[{"id":258,"href":"https:\/\/construccioneplus.com\/mx\/wp-json\/wp\/v2\/pages\/250\/revisions\/258"}],"wp:attachment":[{"href":"https:\/\/construccioneplus.com\/mx\/wp-json\/wp\/v2\/media?parent=250"}],"curies":[{"name":"wp","href":"https:\/\/api.w.org\/{rel}","templated":true}]}}