{"id":103,"date":"2024-01-14T11:00:46","date_gmt":"2024-01-14T11:00:46","guid":{"rendered":"https:\/\/larredesign.cl\/test\/?page_id=103"},"modified":"2024-04-08T10:08:10","modified_gmt":"2024-04-08T10:08:10","slug":"analisis-de-wufi","status":"publish","type":"page","link":"https:\/\/construccioneplus.com\/mx\/analisis-de-wufi\/","title":{"rendered":"Modelo WUFI o PHPP"},"content":{"rendered":"\n<h2>MODELO ENERG\u00c9TICO CON WUFI O PHPP<\/h2>\n<div class=\"rte\">\n<div class=\"row_141\">\n<h1 class=\"heading6\">\u00bfQU\u00c9 ES? \u00bfPOR QU\u00c9 ES IMPORTANTE?<\/h1>\n<\/div>\n<div class=\"row_142\">\u00a0<\/div>\n<div class=\"row_142\">\n<p class=\"paragraph10a\"><strong>En Construcci\u00f3n E-Plus ofrecemos an\u00e1lisis WUFI bajo pedido para asegurarnos de que el proyecto terminado funciona correctamente.<sup>\u00ae<\/sup>\u00a0<\/strong><\/p>\n<p><em><strong>La instalaci\u00f3n incorrecta o la falta de membranas adecuadas pueden causar problemas con el funcionamiento del aislamiento seg\u00fan lo especificado, lo que conduce a valores U m\u00e1s bajos, humedad y da\u00f1os estructurales.<\/strong><\/em><\/p>\n<p><strong>\u00bfQu\u00e9 es WUFI?<sup>\u00ae<\/sup><\/strong><\/p>\n<p>WUFI es un programa de PC basado en men\u00fas que permite el c\u00e1lculo realista del transporte de calor y humedad unidimensional acoplado transitorio en componentes de edificios multicapa expuestos a la intemperie natural. WUFI-ORNL\/IBP se basa en los \u00faltimos descubrimientos sobre la difusi\u00f3n de vapores y el transporte de l\u00edquidos en materiales de construcci\u00f3n. El modelo subyacente ha sido validado durante m\u00e1s de 25 a\u00f1os.<\/p>\n<p>Adem\u00e1s de las propiedades\u00a0<strong>t\u00e9rmicas <\/strong>de un componente de construcci\u00f3n y su impacto en las p\u00e9rdidas por calor, tambi\u00e9n hay que tener en cuenta su comportamiento hig\u00edrico. El aumento permanente del contenido de humedad en el componente puede provocar da\u00f1os por humedad. Los niveles elevados de humedad en la superficie de las salas de estar pueden provocar problemas higi\u00e9nicos y riesgos para la salud debido al crecimiento de moho. Adem\u00e1s, el comportamiento t\u00e9rmico e higr\u00edstico de un componente del edificio est\u00e1n estrechamente interrelacionados, as\u00ed como un mayor contenido de humedad favorece las p\u00e9rdidas de calor. La situaci\u00f3n t\u00e9rmica afecta al transporte de la humedad. Por lo tanto, ambos tienen que ser investigados conjuntamente en su mutua interdependencia; El campo de investigaci\u00f3n de la higrotermia se ocupa de estos problemas.<\/p>\n<p><strong>El m\u00e9todo del<\/strong> punto de roc\u00edo, tal como se detalla en el manual de la Sociedad Americana de Ingenieros de Calefacci\u00f3n, Refrigeraci\u00f3n y Aire Acondicionado (ASHRAE), ha sido un m\u00e9todo com\u00fan para evaluar el equilibrio de humedad de un componente de un edificio teniendo en cuenta el transporte por difusi\u00f3n de vapor en su interior. Sin embargo, este m\u00e9todo no permite el transporte de humedad por capilaridad en el componente, ni su capacidad de sorci\u00f3n, lo que reduce el riesgo de da\u00f1os en caso de condensaci\u00f3n. Adem\u00e1s, dado que el m\u00e9todo s\u00f3lo tiene en cuenta el transporte en estado estacionario en condiciones de contorno muy simplificadas, no puede reproducir eventos individuales a corto plazo ni tener en cuenta la lluvia y la radiaci\u00f3n solar. Su objetivo es proporcionar una evaluaci\u00f3n general de la idoneidad higrot\u00e9rmica de un componente, no producir una simulaci\u00f3n de condiciones realistas de calor y humedad en un componente expuesto a las condiciones clim\u00e1ticas que prevalecen en su ubicaci\u00f3n individual.<\/p>\n<p>Actualizado: WUFI-ORNL\/IBP El programa de PC basado en men\u00fas\u00a0<strong>WUFI-ORNL\/<\/strong>IBP, desarrollado por la sucursal de Holzkirchen del Fraunhofer IBP y ORNL, validado utilizando datos derivados de pruebas al aire libre y de laboratorio, permite un c\u00e1lculo realista del comportamiento higrot\u00e9rmico transitorio de componentes de construcci\u00f3n multicapa expuestos a condiciones clim\u00e1ticas naturales.<strong><sup>\u00ae<\/sup><\/strong><\/p>\n<\/div>\n<\/div>\n\n","protected":false},"excerpt":{"rendered":"","protected":false},"author":1,"featured_media":0,"parent":0,"menu_order":0,"comment_status":"closed","ping_status":"closed","template":"","meta":{"footnotes":""},"class_list":["post-103","page","type-page","status-publish","hentry"],"_links":{"self":[{"href":"https:\/\/construccioneplus.com\/mx\/wp-json\/wp\/v2\/pages\/103","targetHints":{"allow":["GET"]}}],"collection":[{"href":"https:\/\/construccioneplus.com\/mx\/wp-json\/wp\/v2\/pages"}],"about":[{"href":"https:\/\/construccioneplus.com\/mx\/wp-json\/wp\/v2\/types\/page"}],"author":[{"embeddable":true,"href":"https:\/\/construccioneplus.com\/mx\/wp-json\/wp\/v2\/users\/1"}],"replies":[{"embeddable":true,"href":"https:\/\/construccioneplus.com\/mx\/wp-json\/wp\/v2\/comments?post=103"}],"version-history":[{"count":7,"href":"https:\/\/construccioneplus.com\/mx\/wp-json\/wp\/v2\/pages\/103\/revisions"}],"predecessor-version":[{"id":467,"href":"https:\/\/construccioneplus.com\/mx\/wp-json\/wp\/v2\/pages\/103\/revisions\/467"}],"wp:attachment":[{"href":"https:\/\/construccioneplus.com\/mx\/wp-json\/wp\/v2\/media?parent=103"}],"curies":[{"name":"wp","href":"https:\/\/api.w.org\/{rel}","templated":true}]}}