{"id":400,"date":"2024-04-25T09:32:13","date_gmt":"2024-04-25T09:32:13","guid":{"rendered":"https:\/\/construccioneplus.com\/co\/?post_type=product&#038;p=400"},"modified":"2024-05-26T09:54:38","modified_gmt":"2024-05-26T09:54:38","slug":"lunomat","status":"publish","type":"product","link":"https:\/\/construccioneplus.com\/co\/producto\/lunomat\/","title":{"rendered":"LUNOMAT"},"content":{"rendered":"<p>LUNOMAT es una unidad de ventilaci\u00f3n central para la aireaci\u00f3n y desaireaci\u00f3n de espacios habitables e instalaciones similares a espacios habitables, como consultorios m\u00e9dicos, escuelas y oficinas.<\/p>\n<p><em>Sistema centralizado de ventilaci\u00f3n, con recuperaci\u00f3n de calor, de LUNOS para grandes espacios.<\/em><\/p>\n<ul>\n<li>Nuestro producto se presenta como un intercambiador de calor de entalp\u00eda altamente eficiente (tasa de suministro de calor de hasta el 95%) para el suministro de aire fresco en amplios espacios habitables.<\/li>\n<li>Gracias a los filtros intercambiables Clases F7 y F9, LUNOMAT se puede adaptar a una amplia variedad de requerimientos.<\/li>\n<li>La resistencia a la presi\u00f3n y la alta eficiencia de los motores ec-Radiales permiten adecuarse perfectamente a caudales hasta los 125 m\u00b3 \/ h, y por lo tanto, soportar las altas presiones de aire de la costa o en lugares altos.<\/li>\n<\/ul>\n","protected":false},"excerpt":{"rendered":"<h2><strong>Solicita Cotizaci\u00f3n<\/strong><\/h2>\n","protected":false},"featured_media":402,"comment_status":"open","ping_status":"closed","template":"","meta":[],"product_cat":[18,20,17,36],"product_tag":[],"class_list":{"0":"post-400","1":"product","2":"type-product","3":"status-publish","4":"has-post-thumbnail","6":"product_cat-categoria","7":"product_cat-lunos","8":"product_cat-marca","9":"product_cat-sistemas-de-ventilacion","11":"first","12":"instock","13":"shipping-taxable","14":"product-type-simple"},"_links":{"self":[{"href":"https:\/\/construccioneplus.com\/co\/wp-json\/wp\/v2\/product\/400","targetHints":{"allow":["GET"]}}],"collection":[{"href":"https:\/\/construccioneplus.com\/co\/wp-json\/wp\/v2\/product"}],"about":[{"href":"https:\/\/construccioneplus.com\/co\/wp-json\/wp\/v2\/types\/product"}],"replies":[{"embeddable":true,"href":"https:\/\/construccioneplus.com\/co\/wp-json\/wp\/v2\/comments?post=400"}],"wp:featuredmedia":[{"embeddable":true,"href":"https:\/\/construccioneplus.com\/co\/wp-json\/wp\/v2\/media\/402"}],"wp:attachment":[{"href":"https:\/\/construccioneplus.com\/co\/wp-json\/wp\/v2\/media?parent=400"}],"wp:term":[{"taxonomy":"product_cat","embeddable":true,"href":"https:\/\/construccioneplus.com\/co\/wp-json\/wp\/v2\/product_cat?post=400"},{"taxonomy":"product_tag","embeddable":true,"href":"https:\/\/construccioneplus.com\/co\/wp-json\/wp\/v2\/product_tag?post=400"}],"curies":[{"name":"wp","href":"https:\/\/api.w.org\/{rel}","templated":true}]}}