{"id":389,"date":"2024-04-25T09:02:03","date_gmt":"2024-04-25T09:02:03","guid":{"rendered":"https:\/\/construccioneplus.com\/co\/?post_type=product&#038;p=389"},"modified":"2024-05-26T09:47:23","modified_gmt":"2024-05-26T09:47:23","slug":"vara-fluid-spray","status":"publish","type":"product","link":"https:\/\/construccioneplus.com\/co\/producto\/vara-fluid-spray\/","title":{"rendered":"VARA FLUID SPRAY"},"content":{"rendered":"<p>Membrana para aplicaci\u00f3n en liquido &#8211; Capa de control de vapor inteligente, herm\u00e9tica y flexible<\/p>\n<p>Partel Vara Fluid es una capa de control de aire y vapor (AVCL) de humedad variable que se puede pulverizar o laminar a presi\u00f3n, lo que garantiza la protecci\u00f3n y la hermeticidad continua tanto en proyectos de nueva construcci\u00f3n como de modernizaci\u00f3n.<\/p>\n<p><strong>\u00bfPor qu\u00e9 Partel VARA FLUID?<\/strong><\/p>\n<ul>\n<li>Innovadora membrana herm\u00e9tica l\u00edquida que cambia la permeabilidad al vapor en funci\u00f3n de la humedad relativa (HR) ambiental. Esto contribuye a la m\u00e1xima protecci\u00f3n en la envolvente del edificio, donde los niveles de humedad son cr\u00edticos, permitiendo que el vapor escape y seque la estructura.<\/li>\n<li>Garantiza un flujo de humedad \u00f3ptimo a trav\u00e9s de las estructuras de los edificios con un rango de Sd de 0,15 m a 16 m<\/li>\n<li>Tecnolog\u00eda higrovariable \u2013 Sistema herm\u00e9tico extremadamente seguro<\/li>\n<li>Sistema herm\u00e9tico certificado por casa pasiva de clase phA, con un valor de permeabilidad al aire de 0,00 m\u00b3\/(m\u00b2h)<\/li>\n<li>Flexible: garantiza una cobertura adecuada (grietas y juntas de hasta 2 mm)<\/li>\n<li>L\u00edquido a base de pol\u00edmeros con bajo contenido de COV<\/li>\n<li>Clase W1 de resistencia a la penetraci\u00f3n de agua<\/li>\n<li>Excelente adherencia en diversas superficies<\/li>\n<li>Aplicaci\u00f3n r\u00e1pida: acelera la construcci\u00f3n, especialmente para proyectos comerciales<\/li>\n<li>Producto de un solo componente, listo para usar<\/li>\n<\/ul>\n<h2>DATOS T\u00c9CNICOS<\/h2>\n<div class=\"rte__table-wrapper\">\n<table border=\"0\" width=\"100%\" cellspacing=\"5\" cellpadding=\"5\">\n<tbody>\n<tr>\n<td bgcolor=\"#58516E\"><b>RANGO DE VARIABILIDAD DE VAPOR SD<\/b><\/td>\n<td bgcolor=\"#58516E\"><strong>0.15-16 @ 0.3mm<\/strong><\/td>\n<td bgcolor=\"#58516E\"><b>EN ISO 12572<\/b><\/td>\n<\/tr>\n<tr>\n<td bgcolor=\"#E2DED9\"><strong>HERMETICIDAD<\/strong><\/td>\n<td bgcolor=\"#E2DED9\"><strong>Pha<\/strong><\/td>\n<td bgcolor=\"#E2DED9\"><strong>0.00m<sup>3<\/sup>\/(m<sup>2<\/sup>h)<\/strong><\/td>\n<\/tr>\n<tr>\n<td bgcolor=\"#58516E\"><strong>RESISTENCIA AL AGUA<\/strong><\/td>\n<td bgcolor=\"#58516E\"><strong>W1<\/strong><\/td>\n<td bgcolor=\"#58516E\"><strong>EN 1928<\/strong><\/td>\n<\/tr>\n<tr>\n<td bgcolor=\"#E2DED9\"><strong>RESISTENCIA A LOS RAYOS UV<\/strong><\/td>\n<td bgcolor=\"#E2DED9\"><strong>3 MESES<\/strong><\/td>\n<td bgcolor=\"#E2DED9\"><\/td>\n<\/tr>\n<tr>\n<td bgcolor=\"#58516E\"><strong>TEMPERATURA DE APLICACI\u00d3N<\/strong><\/td>\n<td bgcolor=\"#58516E\"><strong>+5\u00b0C<\/strong><\/td>\n<td bgcolor=\"#58516E\"><\/td>\n<\/tr>\n<\/tbody>\n<\/table>\n<\/div>\n<p>&nbsp;<\/p>\n<h2>APLICACI\u00d3N<\/h2>\n<p><strong>VARA FLUID<\/strong>\u00a0se puede aplicar tanto vertical como horizontalmente, es f\u00e1cil de aplicar con un dispositivo de pulverizaci\u00f3n de pintura sin aire o un rodillo y se seca hasta obtener un recubrimiento flexible herm\u00e9tico.<\/p>\n<ul>\n<li>Aplicaciones internas y externas<\/li>\n<li>De pared a suelo<\/li>\n<li>De pared a techo<\/li>\n<li>De pared a madera<\/li>\n<li>Juntas generales de construcci\u00f3n<\/li>\n<\/ul>\n","protected":false},"excerpt":{"rendered":"<p>Membrana para aplicaci\u00f3n en liquido &#8211; Capa de control de vapor inteligente, herm\u00e9tica y flexible Partel Vara Fluid es una capa de control de aire y vapor (AVCL) de humedad variable que se puede pulverizar o laminar a presi\u00f3n, lo que garantiza la protecci\u00f3n y la hermeticidad continua tanto en proyectos de nueva construcci\u00f3n como [&#8230;]\n","protected":false},"featured_media":390,"comment_status":"open","ping_status":"closed","template":"","meta":[],"product_cat":[18,28,27,17,22,30,19,29],"product_tag":[],"class_list":{"0":"post-389","1":"product","2":"type-product","3":"status-publish","4":"has-post-thumbnail","6":"product_cat-categoria","7":"product_cat-exterior","8":"product_cat-interior","9":"product_cat-marca","10":"product_cat-membranas","11":"product_cat-pared","12":"product_cat-partel","13":"product_cat-techo","15":"first","16":"instock","17":"shipping-taxable","18":"purchasable","19":"product-type-simple"},"_links":{"self":[{"href":"https:\/\/construccioneplus.com\/co\/wp-json\/wp\/v2\/product\/389","targetHints":{"allow":["GET"]}}],"collection":[{"href":"https:\/\/construccioneplus.com\/co\/wp-json\/wp\/v2\/product"}],"about":[{"href":"https:\/\/construccioneplus.com\/co\/wp-json\/wp\/v2\/types\/product"}],"replies":[{"embeddable":true,"href":"https:\/\/construccioneplus.com\/co\/wp-json\/wp\/v2\/comments?post=389"}],"wp:featuredmedia":[{"embeddable":true,"href":"https:\/\/construccioneplus.com\/co\/wp-json\/wp\/v2\/media\/390"}],"wp:attachment":[{"href":"https:\/\/construccioneplus.com\/co\/wp-json\/wp\/v2\/media?parent=389"}],"wp:term":[{"taxonomy":"product_cat","embeddable":true,"href":"https:\/\/construccioneplus.com\/co\/wp-json\/wp\/v2\/product_cat?post=389"},{"taxonomy":"product_tag","embeddable":true,"href":"https:\/\/construccioneplus.com\/co\/wp-json\/wp\/v2\/product_tag?post=389"}],"curies":[{"name":"wp","href":"https:\/\/api.w.org\/{rel}","templated":true}]}}