{"id":477,"date":"2024-06-04T14:31:04","date_gmt":"2024-06-04T14:31:04","guid":{"rendered":"https:\/\/construccioneplus.com\/co\/?page_id=477"},"modified":"2024-06-05T14:01:51","modified_gmt":"2024-06-05T14:01:51","slug":"passive-house","status":"publish","type":"page","link":"https:\/\/construccioneplus.com\/co\/passive-house\/","title":{"rendered":"Passive House"},"content":{"rendered":"\n<div class=\"slider-wrapper relative\" id=\"slider-528067724\" >\n    <div class=\"slider slider-nav-circle slider-nav-large slider-nav-light slider-style-normal\"\n        data-flickity-options='{\n            \"cellAlign\": \"center\",\n            \"imagesLoaded\": true,\n            \"lazyLoad\": 1,\n            \"freeScroll\": false,\n            \"wrapAround\": true,\n            \"autoPlay\": 6000,\n            \"pauseAutoPlayOnHover\" : true,\n            \"prevNextButtons\": true,\n            \"contain\" : true,\n            \"adaptiveHeight\" : true,\n            \"dragThreshold\" : 10,\n            \"percentPosition\": true,\n            \"pageDots\": true,\n            \"rightToLeft\": false,\n            \"draggable\": true,\n            \"selectedAttraction\": 0.1,\n            \"parallax\" : 0,\n            \"friction\": 0.6        }'\n        >\n        \n\n\n  <div class=\"banner has-hover\" id=\"banner-47962479\">\n          <div class=\"banner-inner fill\">\n        <div class=\"banner-bg fill\" >\n            <div class=\"bg fill bg-fill \"><\/div>\n                        <div class=\"overlay\"><\/div>            \n\t<div class=\"is-border is-dashed\"\n\t\tstyle=\"border-radius:undefinedpx;border-width:2px 2px 2px 2px;margin:10px 10px 10px 10px;\">\n\t<\/div>\n                    <\/div>\n\t\t\n        <div class=\"banner-layers container\">\n            <div class=\"fill banner-link\"><\/div>            \n\n   <div id=\"text-box-1033933620\" class=\"text-box banner-layer x5 md-x5 lg-x5 y50 md-y50 lg-y50 res-text\">\n                     <div data-animate=\"flipInY\">           <div class=\"text-box-content text dark\">\n              \n              <div class=\"text-inner text-center\">\n                  \n\n\t<div id=\"text-2936327987\" class=\"text\">\n\t\t\n\n<h3 class=\"lead\">\u00bfPor qu\u00e9<\/h3>\n<h5><span style=\"font-size: 400%;\" data-line-height=\"xs\"><strong>Passive House?<\/strong><\/span><\/h5>\n<h4 class=\"titulos-peque oscuro titulo-ubicacion\">PORQUE SOMOS UNA FORMA DIFERENTE DE VIVIR,\u00a0<span class=\"destacar\">HOGARES VIVOS<\/span><\/h4>\n\t\t\n<style>\n#text-2936327987 {\n  text-align: left;\n  color: rgb(255,255,255);\n}\n#text-2936327987 > * {\n  color: rgb(255,255,255);\n}\n<\/style>\n\t<\/div>\n\t\n\n              <\/div>\n           <\/div>\n       <\/div>                     \n<style>\n#text-box-1033933620 {\n  width: 84%;\n}\n#text-box-1033933620 .text-box-content {\n  font-size: 111%;\n}\n@media (min-width:550px) {\n  #text-box-1033933620 {\n    width: 57%;\n  }\n  #text-box-1033933620 .text-box-content {\n    font-size: 100%;\n  }\n}\n<\/style>\n    <\/div>\n \n\n        <\/div>\n      <\/div>\n\n            \n<style>\n#banner-47962479 {\n  padding-top: 600px;\n}\n#banner-47962479 .bg.bg-loaded {\n  background-image: url(https:\/\/construccioneplus.com\/co\/wp-content\/uploads\/2024\/06\/Condominio_Torres_02-final-1024x410.jpg);\n}\n#banner-47962479 .overlay {\n  background-color: rgba(0,0,0,.5);\n}\n#banner-47962479 .bg {\n  background-position: 86% 0%;\n}\n<\/style>\n  <\/div>\n\n\n\n     <\/div>\n\n     <div class=\"loading-spin dark large centered\"><\/div>\n\n\t<\/div>\n\n\n<div class=\"text-center\"><div class=\"is-divider divider clearfix\" ><\/div><\/div>\n\n\t<div id=\"text-169547847\" class=\"text\">\n\t\t\n\n<h3 class=\"titulos-peque oscuro titulo-ubicacion\" style=\"text-align: center;\">BENEFICIOS DE UNA VIVIENDA<\/h3>\n<h2 class=\"titulos-peque oscuro titulo-ubicacion\" style=\"text-align: center;\"><strong>PASSIVE HOUSE<\/strong><\/h2>\n\t\t\n<style>\n#text-169547847 {\n  font-size: 1.85rem;\n  text-align: center;\n  color: #202d61;\n}\n#text-169547847 > * {\n  color: #202d61;\n}\n<\/style>\n\t<\/div>\n\t\n\t<section class=\"section\" id=\"section_658718075\">\n\t\t<div class=\"bg section-bg fill bg-fill  bg-loaded\" >\n\n\t\t\t\n\t\t\t\n\t\t\t\n\t<div class=\"is-border\"\n\t\tstyle=\"border-color:rgb(235, 235, 235);border-width:1px 0px 0px 0px;\">\n\t<\/div>\n\n\t\t<\/div>\n\n\t\t\n\n\t\t<div class=\"section-content relative\">\n\t\t\t\n\n<div class=\"row row-large align-middle align-center\"  id=\"row-1258052793\">\n\n\n\t<div id=\"col-1202252003\" class=\"col medium-6 small-12 large-6\"  >\n\t\t\t\t<div class=\"col-inner box-shadow-2 box-shadow-5-hover\" style=\"background-color:rgb(255, 255, 255);\" >\n\t\t\t\n\t\t\t\n\n\t<div class=\"img has-hover x md-x lg-x y md-y lg-y\" id=\"image_1111298135\">\n\t\t\t\t\t\t\t\t<div class=\"img-inner dark\" >\n\t\t\t<img loading=\"lazy\" decoding=\"async\" width=\"1020\" height=\"1020\" src=\"https:\/\/construccioneplus.com\/co\/wp-content\/uploads\/2024\/06\/Ilustraciones_espacios-05-1024x1024.png\" class=\"attachment-large size-large\" alt=\"\" srcset=\"https:\/\/construccioneplus.com\/co\/wp-content\/uploads\/2024\/06\/Ilustraciones_espacios-05-1024x1024.png 1024w, https:\/\/construccioneplus.com\/co\/wp-content\/uploads\/2024\/06\/Ilustraciones_espacios-05-300x300.png 300w, https:\/\/construccioneplus.com\/co\/wp-content\/uploads\/2024\/06\/Ilustraciones_espacios-05-150x150.png 150w, https:\/\/construccioneplus.com\/co\/wp-content\/uploads\/2024\/06\/Ilustraciones_espacios-05-768x768.png 768w, https:\/\/construccioneplus.com\/co\/wp-content\/uploads\/2024\/06\/Ilustraciones_espacios-05-600x600.png 600w, https:\/\/construccioneplus.com\/co\/wp-content\/uploads\/2024\/06\/Ilustraciones_espacios-05-100x100.png 100w, https:\/\/construccioneplus.com\/co\/wp-content\/uploads\/2024\/06\/Ilustraciones_espacios-05.png 1080w\" sizes=\"auto, (max-width: 1020px) 100vw, 1020px\" \/>\t\t\t\t\t\t\n\t\t\t\t\t<\/div>\n\t\t\t\t\t\t\t\t\n<style>\n#image_1111298135 {\n  width: 100%;\n}\n<\/style>\n\t<\/div>\n\t\n\n\n\t\t<\/div>\n\t\t\t\t\n<style>\n#col-1202252003 > .col-inner {\n  padding: 15px 15px 15px 15px;\n}\n<\/style>\n\t<\/div>\n\n\t\n\n\t<div id=\"col-1486255031\" class=\"col medium-6 small-12 large-6\"  >\n\t\t\t\t<div class=\"col-inner text-center\"  >\n\t\t\t\n\t\t\t\n\n\t<div id=\"text-3796130817\" class=\"text\">\n\t\t\n\n<p>\u00a0<\/p>\n<h2 class=\"encabezado oscuro\">Econ\u00f3mico<\/h2>\n<p class=\"data oscuro\">Reducci\u00f3n en un 90% en el consumo de energ\u00eda dejando la construcci\u00f3n lista para ser Energ\u00eda-Cero con recursos renovables. Ning\u00fan otro producto en el mercado ofrece este beneficio econ\u00f3mico.<\/p>\n<p class=\"data oscuro\">Incremento mayor en la valorizaci\u00f3n del inmueble por ser edificio de eficiencia energ\u00e9tica.<\/p>\n\t\t\n<style>\n#text-3796130817 {\n  text-align: left;\n}\n<\/style>\n\t<\/div>\n\t\n\n\t\t<\/div>\n\t\t\t\t\t<\/div>\n\n\t\n\n<\/div>\n<div class=\"row align-middle\"  id=\"row-1244803982\">\n\n\n\t<div id=\"col-1958428761\" class=\"col medium-6 small-12 large-6\"  >\n\t\t\t\t<div class=\"col-inner\"  >\n\t\t\t\n\t\t\t\n\n\t<div id=\"text-1944695076\" class=\"text\">\n\t\t\n\n<p>\u00a0<\/p>\n<h2 class=\"encabezado oscuro\">Salud<\/h2>\n<p class=\"data oscuro\">Se mejora la calidad del aire interno y se elimina la posibilidad de que crezca el moho<\/p>\n<p class=\"data oscuro\">Se mejora la calidad de aire interno, controlando en forma efectiva el nivel de CO2 en el ambiente. Estudios demuestran que un alto nivel de CO2 disminuye la capacidad cognitiva por lo que al tener control de su exceso se brinda un mejor medio ambiente a toda la familia para que aproveche todas sus capacidades.<\/p>\n<p class=\"data oscuro\">Dormir bien es la base de la buena salud. Al mejorar la calidad del aire interno vas a poder dormir mejor para que puedas tener mejor tiempo de reacci\u00f3n, mayor productividad, creatividad, atenci\u00f3n, concentraci\u00f3n y memoria. \u2013 Si no duermes bien, es m\u00e1s dif\u00edcil mantener o perder peso. \u2013 No dormir bien aumenta el riesgo de diabetes y enfermedades del coraz\u00f3n al igual que compromete el sistema inmune.<\/p>\n\t\t\n<style>\n#text-1944695076 {\n  text-align: left;\n}\n<\/style>\n\t<\/div>\n\t\n\n\t\t<\/div>\n\t\t\t\t\t<\/div>\n\n\t\n\n\t<div id=\"col-202484703\" class=\"col medium-6 small-12 large-6\"  >\n\t\t\t\t<div class=\"col-inner\"  >\n\t\t\t\n\t\t\t\n\n\t<div class=\"img has-hover x md-x lg-x y md-y lg-y\" id=\"image_1100621350\">\n\t\t\t\t\t\t\t\t<div class=\"img-inner dark\" >\n\t\t\t<img loading=\"lazy\" decoding=\"async\" width=\"1020\" height=\"680\" src=\"https:\/\/construccioneplus.com\/co\/wp-content\/uploads\/2024\/06\/Familia-1024x683.jpg\" class=\"attachment-large size-large\" alt=\"\" srcset=\"https:\/\/construccioneplus.com\/co\/wp-content\/uploads\/2024\/06\/Familia-1024x683.jpg 1024w, https:\/\/construccioneplus.com\/co\/wp-content\/uploads\/2024\/06\/Familia-300x200.jpg 300w, https:\/\/construccioneplus.com\/co\/wp-content\/uploads\/2024\/06\/Familia-768x513.jpg 768w, https:\/\/construccioneplus.com\/co\/wp-content\/uploads\/2024\/06\/Familia-1536x1025.jpg 1536w, https:\/\/construccioneplus.com\/co\/wp-content\/uploads\/2024\/06\/Familia-2048x1367.jpg 2048w, https:\/\/construccioneplus.com\/co\/wp-content\/uploads\/2024\/06\/Familia-600x400.jpg 600w\" sizes=\"auto, (max-width: 1020px) 100vw, 1020px\" \/>\t\t\t\t\t\t\n\t\t\t\t\t<\/div>\n\t\t\t\t\t\t\t\t\n<style>\n#image_1100621350 {\n  width: 100%;\n}\n<\/style>\n\t<\/div>\n\t\n\n\n\t\t<\/div>\n\t\t\t\t\t<\/div>\n\n\t\n\n<\/div>\n\n\t\t<\/div>\n\n\t\t\n<style>\n#section_658718075 {\n  padding-top: 59px;\n  padding-bottom: 59px;\n  min-height: 300px;\n  background-color: rgb(255, 255, 255);\n}\n<\/style>\n\t<\/section>\n\t\n<div class=\"row\"  id=\"row-23902407\">\n\n\n\t<div id=\"col-1189419621\" class=\"col medium-3 small-12 large-3\"  >\n\t\t\t\t<div class=\"col-inner\"  >\n\t\t\t\n\t\t\t\n\n\t<div id=\"text-2466789028\" class=\"text\">\n\t\t\n\n<h2 class=\"encabezado oscuro text-center\">Tecnolog\u00eda<\/h2>\n<p class=\"data oscuro\">Se est\u00e1 manejando tecnolog\u00eda europea de punta en la ciencia de construcci\u00f3n brindando un confort superior a los habitantes.<\/p>\n<p class=\"data oscuro\">Construcci\u00f3n libre de puentes t\u00e9rmicos previene superficies de condensaci\u00f3n y elimina la posibilidad de que crezca el moho.<\/p>\n\t\t\n<style>\n#text-2466789028 {\n  text-align: left;\n  color: rgb(73, 73, 73);\n}\n#text-2466789028 > * {\n  color: rgb(73, 73, 73);\n}\n<\/style>\n\t<\/div>\n\t\n\n\t\t<\/div>\n\t\t\t\t\t<\/div>\n\n\t\n\n\t<div id=\"col-2008704996\" class=\"col medium-9 small-12 large-9\"  >\n\t\t\t\t<div class=\"col-inner\"  >\n\t\t\t\n\t\t\t\n\n\n\n<figure>\n    <video width=\"100%\" height=\"500\" controls>\n        <source src=\"https:\/\/larredesign.cl\/test\/wp-content\/uploads\/2024\/01\/passive.mp4\" type=\"video\/mp4\">\n        Tu navegador no soporta el elemento de video.\n    <\/video>\n<\/figure>\n\n\n\t\t<\/div>\n\t\t\t\t\t<\/div>\n\n\t\n\n<\/div>\n\t<section class=\"section\" id=\"section_1657662562\">\n\t\t<div class=\"bg section-bg fill bg-fill  bg-loaded\" >\n\n\t\t\t\n\t\t\t<div class=\"section-bg-overlay absolute fill\"><\/div>\n\t\t\t\n\n\t\t<\/div>\n\n\t\t\n\n\t\t<div class=\"section-content relative\">\n\t\t\t\n\n<div class=\"row row-large align-center\"  id=\"row-1078254688\">\n\n\n\t<div id=\"col-1741959553\" class=\"col medium-5 small-12 large-5\"  >\n\t\t\t\t<div class=\"col-inner text-right\"  >\n\t\t\t\n\t\t\t\n\n\t<div id=\"text-1136063615\" class=\"text\">\n\t\t\n\n<h2>Calidad<\/h2>\n<p class=\"data oscuro\">Los componentes usados para el desarrollo son de la m\u00e1s alta calidad lo que genera una reducci\u00f3n en mantenimiento del edificio.<\/p>\n<p class=\"data oscuro\">Paredes y muros de mayor espesor que construcci\u00f3n tradicional disminuye los ruidos entre apartamentos y el exterior.<\/p>\n\t\t\n<style>\n#text-1136063615 {\n  text-align: center;\n}\n<\/style>\n\t<\/div>\n\t\n\n\t\t<\/div>\n\t\t\t\t\t<\/div>\n\n\t\n\n\t<div id=\"col-594991009\" class=\"col medium-5 small-12 large-5\"  >\n\t\t\t\t<div class=\"col-inner text-center\"  >\n\t\t\t\n\t\t\t\n\n<h2>Otros Beneficios<\/h2>\n<p>Elimina la dependencia de combustibles f\u00f3siles y por consecuencia una reducci\u00f3n de la huella de carbono que ayuda a la protecci\u00f3n del medio ambiente y a preservar la biodiversidad de Colombia.<\/p>\n\n\t\t<\/div>\n\t\t\t\t\t<\/div>\n\n\t\n\n<\/div>\n\n\t\t<\/div>\n\n\t\t\n<style>\n#section_1657662562 {\n  padding-top: 30px;\n  padding-bottom: 30px;\n  background-color: rgb(193, 193, 193);\n}\n#section_1657662562 .section-bg-overlay {\n  background-color: rgba(255, 255, 255, 0.85);\n}\n<\/style>\n\t<\/section>\n\t\n\n","protected":false},"excerpt":{"rendered":"","protected":false},"author":1,"featured_media":0,"parent":0,"menu_order":0,"comment_status":"closed","ping_status":"closed","template":"page-blank.php","meta":{"footnotes":""},"class_list":["post-477","page","type-page","status-publish","hentry"],"_links":{"self":[{"href":"https:\/\/construccioneplus.com\/co\/wp-json\/wp\/v2\/pages\/477","targetHints":{"allow":["GET"]}}],"collection":[{"href":"https:\/\/construccioneplus.com\/co\/wp-json\/wp\/v2\/pages"}],"about":[{"href":"https:\/\/construccioneplus.com\/co\/wp-json\/wp\/v2\/types\/page"}],"author":[{"embeddable":true,"href":"https:\/\/construccioneplus.com\/co\/wp-json\/wp\/v2\/users\/1"}],"replies":[{"embeddable":true,"href":"https:\/\/construccioneplus.com\/co\/wp-json\/wp\/v2\/comments?post=477"}],"version-history":[{"count":5,"href":"https:\/\/construccioneplus.com\/co\/wp-json\/wp\/v2\/pages\/477\/revisions"}],"predecessor-version":[{"id":488,"href":"https:\/\/construccioneplus.com\/co\/wp-json\/wp\/v2\/pages\/477\/revisions\/488"}],"wp:attachment":[{"href":"https:\/\/construccioneplus.com\/co\/wp-json\/wp\/v2\/media?parent=477"}],"curies":[{"name":"wp","href":"https:\/\/api.w.org\/{rel}","templated":true}]}}