{"id":296,"date":"2024-03-07T08:10:34","date_gmt":"2024-03-07T08:10:34","guid":{"rendered":"https:\/\/construccioneplus.com\/co\/?page_id=296"},"modified":"2024-06-04T11:39:50","modified_gmt":"2024-06-04T11:39:50","slug":"fisica-de-la-construccion","status":"publish","type":"page","link":"https:\/\/construccioneplus.com\/co\/fisica-de-la-construccion\/","title":{"rendered":"F\u00edsica de la Construcci\u00f3n"},"content":{"rendered":"\n<h1><strong>F\u00cdSICA DE LA CONSTRUCCI\u00d3N<\/strong><\/h1>\n<p>Es cada vez m\u00e1s evidente que ninguna tecnolog\u00eda \u00fanica puede solo cumplir con las enormes expectativas de la funci\u00f3n de la f\u00edsica de la edificaci\u00f3n en la industria de la construcci\u00f3n actual. Soluciones integradas y multifuncionales son necesarias para optimizar la estanqueidad al aire, la estanqueidad al viento y la calidad del aire. El conocimiento de la f\u00edsica de la edificaci\u00f3n no se limita \u00fanicamente al proceso de dise\u00f1o; tambi\u00e9n debe existir igualmente en el proceso de construcci\u00f3n, adem\u00e1s de la operaci\u00f3n y mantenimiento de los edificios a futuro.<\/p>\n<p><strong>En Construcci\u00f3n E-Plus, fomentamos la construcci\u00f3n eficiente en energ\u00eda y promovemos el uso de soluciones m\u00e1s ecol\u00f3gicas en cada etapa de la construcci\u00f3n. Nos esforzamos por producir y suministrar sistemas innovadores de alto rendimiento que pueden cambiar la forma en que construimos dentro de la industria de la construcci\u00f3n sostenible.<\/strong><\/p>\n<p>La temperatura, la luz y el sonido se encuentran entre los factores f\u00edsicos del entorno en los edificios donde una vida larga y activa tiene lugar. Por lo tanto, la temperatura tiene un impacto significativo en el trabajo, el descanso y, en \u00faltima instancia, en la salud de los usuarios del edificio. Hoy en d\u00eda, las personas pasan la mayor parte de su tiempo en interiores, seg\u00fan la OMS (Organizaci\u00f3n Mundial de la Salud), hasta el 90%. El dise\u00f1o y la construcci\u00f3n de edificios buscan crear un entorno cuyos par\u00e1metros sean m\u00e1s favorables que el estado del entorno natural al aire libre.<\/p>\n<p>&#8211; La construcci\u00f3n y el edificio nos protegen: por el contrario, permite la producci\u00f3n de:<\/p>\n<p>&#8211; Temperaturas extremas.<br \/>&#8211; Humedad.<br \/>&#8211; Ruido excesivo.<\/p>\n<h2>LOGRAR LA ESTANQUEIDAD AL AIRE<\/h2>\n<p>En t\u00e9rminos simples, la estanqueidad al aire de un edificio se define por el nivel de flujo de aire que existe a trav\u00e9s de fracturas y brechas en la estructura del edificio. Esto puede ocurrir donde se encuentran los elementos del edificio y donde la continuidad del aislamiento se ve interrumpida, lo que resulta en p\u00e9rdida de calor y condensaci\u00f3n. La fuga de aire permite que el aire c\u00e1lido se transfiera a trav\u00e9s del edificio, reduciendo la eficacia de los materiales de aislamiento y, a su vez, causando un deterioro general del edificio. La estanqueidad al aire se logra cuando se eliminan incluso las m\u00e1s m\u00ednimas fugas, reduciendo significativamente la p\u00e9rdida de calor y protegiendo el edificio de otros da\u00f1os asociados.<\/p>\n<p>Hay muchos efectos secundarios no deseados de la p\u00e9rdida de calor y la fuga de aire. Puede desarrollarse moho dentro del edificio, puede ocurrir condensaci\u00f3n interna y en la superficie, puede haber varios grados de incomodidad para el propietario y, en general, deterioro de la estructura del edificio.<\/p>\n<p>La estanqueidad al aire es, por lo tanto, una consideraci\u00f3n cr\u00edtica en todas las etapas de dise\u00f1o y construcci\u00f3n para combatir estos problemas.<\/p>\n<p>Con el nivel actual de consumo de energ\u00eda, el colosal nivel de emisiones de di\u00f3xido de carbono y la velocidad acelerada a la que se espera que aumente en la pr\u00f3xima d\u00e9cada, debemos seguir un enfoque m\u00e1s eficiente en energ\u00eda para la construcci\u00f3n. En los \u00faltimos a\u00f1os, se han introducido normas mejoradas de construcci\u00f3n e aislamiento para mejorar la eficiencia energ\u00e9tica al reducir la p\u00e9rdida general de calor y ventilaci\u00f3n de los edificios. El hecho sigue siendo que el cambio clim\u00e1tico est\u00e1 ocurriendo y, con \u00e9l, vienen condiciones clim\u00e1ticas m\u00e1s extremas: tormentas, calor intenso, olas de fr\u00edo e incremento de la lluvia, lo que ejerce m\u00e1s presi\u00f3n sobre los edificios. Por lo tanto, es importante analizar estas condiciones para asegurar que los edificios, tanto existentes como nuevos, puedan resistir tales condiciones en el futuro.<\/p>\n<p>En Construcci\u00f3n E-Plus ofrecemos productos de estanqueidad al aire de alto rendimiento junto con asesoramiento especializado para garantizar que nuestros clientes alcancen una estanqueidad \u00f3ptima. Esto se logra estableciendo con \u00e9xito una capa continua resistente al aire alrededor del interior del edificio, sellando el interior del exterior. Nuestras membranas estancas al aire est\u00e1n dise\u00f1adas para eliminar hasta el 90% del vapor de agua, permitiendo as\u00ed que la construcci\u00f3n se seque lo suficiente para evitar la retenci\u00f3n de agua. Nuestras marcas de capas de control de vapor de aire incluyen VARA PLUS (capa inteligente de alto rendimiento), IZOPERM PLUS (capa inteligente de alto rendimiento) y ECHOFOIL IZO.<\/p>\n<div class=\"row\"  id=\"row-1325078879\">\n\n\n\t<div id=\"col-21852045\" class=\"col medium-6 small-12 large-6\"  >\n\t\t\t\t<div class=\"col-inner\"  >\n\t\t\t\n\t\t\t\n\n\t<div class=\"img has-hover x md-x lg-x y md-y lg-y\" id=\"image_1452462912\">\n\t\t\t\t\t\t\t\t<div class=\"img-inner dark\" >\n\t\t\t<img loading=\"lazy\" decoding=\"async\" width=\"480\" height=\"255\" src=\"https:\/\/construccioneplus.com\/co\/wp-content\/uploads\/2024\/06\/External_System_480x480.png\" class=\"attachment-large size-large\" alt=\"\" srcset=\"https:\/\/construccioneplus.com\/co\/wp-content\/uploads\/2024\/06\/External_System_480x480.png 480w, https:\/\/construccioneplus.com\/co\/wp-content\/uploads\/2024\/06\/External_System_480x480-300x159.png 300w\" sizes=\"auto, (max-width: 480px) 100vw, 480px\" \/>\t\t\t\t\t\t\n\t\t\t\t\t<\/div>\n\t\t\t\t\t\t\t\t\n<style>\n#image_1452462912 {\n  width: 100%;\n}\n<\/style>\n\t<\/div>\n\t\n\n\n\t\t<\/div>\n\t\t\t\t\t<\/div>\n\n\t\n\n\t<div id=\"col-322762651\" class=\"col medium-6 small-12 large-6\"  >\n\t\t\t\t<div class=\"col-inner\"  >\n\t\t\t\n\t\t\t\n\n\t<div class=\"img has-hover x md-x lg-x y md-y lg-y\" id=\"image_480895021\">\n\t\t\t\t\t\t\t\t<div class=\"img-inner dark\" >\n\t\t\t<img loading=\"lazy\" decoding=\"async\" width=\"480\" height=\"255\" src=\"https:\/\/construccioneplus.com\/co\/wp-content\/uploads\/2024\/06\/Internal_System_480x480.png\" class=\"attachment-large size-large\" alt=\"\" srcset=\"https:\/\/construccioneplus.com\/co\/wp-content\/uploads\/2024\/06\/Internal_System_480x480.png 480w, https:\/\/construccioneplus.com\/co\/wp-content\/uploads\/2024\/06\/Internal_System_480x480-300x159.png 300w\" sizes=\"auto, (max-width: 480px) 100vw, 480px\" \/>\t\t\t\t\t\t\n\t\t\t\t\t<\/div>\n\t\t\t\t\t\t\t\t\n<style>\n#image_480895021 {\n  width: 100%;\n}\n<\/style>\n\t<\/div>\n\t\n\n\n\t\t<\/div>\n\t\t\t\t\t<\/div>\n\n\t\n\n<\/div>\n\n","protected":false},"excerpt":{"rendered":"","protected":false},"author":1,"featured_media":0,"parent":0,"menu_order":0,"comment_status":"closed","ping_status":"closed","template":"","meta":{"footnotes":""},"class_list":["post-296","page","type-page","status-publish","hentry"],"_links":{"self":[{"href":"https:\/\/construccioneplus.com\/co\/wp-json\/wp\/v2\/pages\/296","targetHints":{"allow":["GET"]}}],"collection":[{"href":"https:\/\/construccioneplus.com\/co\/wp-json\/wp\/v2\/pages"}],"about":[{"href":"https:\/\/construccioneplus.com\/co\/wp-json\/wp\/v2\/types\/page"}],"author":[{"embeddable":true,"href":"https:\/\/construccioneplus.com\/co\/wp-json\/wp\/v2\/users\/1"}],"replies":[{"embeddable":true,"href":"https:\/\/construccioneplus.com\/co\/wp-json\/wp\/v2\/comments?post=296"}],"version-history":[{"count":3,"href":"https:\/\/construccioneplus.com\/co\/wp-json\/wp\/v2\/pages\/296\/revisions"}],"predecessor-version":[{"id":476,"href":"https:\/\/construccioneplus.com\/co\/wp-json\/wp\/v2\/pages\/296\/revisions\/476"}],"wp:attachment":[{"href":"https:\/\/construccioneplus.com\/co\/wp-json\/wp\/v2\/media?parent=296"}],"curies":[{"name":"wp","href":"https:\/\/api.w.org\/{rel}","templated":true}]}}