{"id":29,"date":"2024-01-14T05:14:10","date_gmt":"2024-01-14T05:14:10","guid":{"rendered":"https:\/\/larredesign.cl\/test\/?page_id=29"},"modified":"2024-03-07T07:52:27","modified_gmt":"2024-03-07T07:52:27","slug":"29-2","status":"publish","type":"page","link":"https:\/\/construccioneplus.com\/co\/29-2\/","title":{"rendered":"Servicios"},"content":{"rendered":"\n\n  <div class=\"banner has-hover\" id=\"banner-1582225471\">\n          <div class=\"banner-inner fill\">\n        <div class=\"banner-bg fill\" >\n            <div class=\"bg fill bg-fill \"><\/div>\n                        <div class=\"overlay\"><\/div>            \n                    <\/div>\n\t\t\n        <div class=\"banner-layers container\">\n            <div class=\"fill banner-link\"><\/div>            \n\n   <div id=\"text-box-139237165\" class=\"text-box banner-layer x5 md-x5 lg-x5 y50 md-y50 lg-y50 res-text\">\n                                <div class=\"text-box-content text \">\n              \n              <div class=\"text-inner text-left\">\n                  \n\n\t<div id=\"text-2268196131\" class=\"text\">\n\t\t\n\n<h1 class=\"uppercase\"><strong>servicios<\/strong><\/h1>\n<h3>Creemos que cada peque\u00f1o detalle, puede traer grandes cambios<\/h3>\n\t\t\n<style>\n#text-2268196131 {\n  color: rgb(255,255,255);\n}\n#text-2268196131 > * {\n  color: rgb(255,255,255);\n}\n<\/style>\n\t<\/div>\n\t\n\n              <\/div>\n           <\/div>\n                            \n<style>\n#text-box-139237165 {\n  width: 60%;\n}\n#text-box-139237165 .text-box-content {\n  font-size: 100%;\n}\n@media (min-width:550px) {\n  #text-box-139237165 {\n    width: 40%;\n  }\n}\n<\/style>\n    <\/div>\n \n\n        <\/div>\n      <\/div>\n\n            \n<style>\n#banner-1582225471 {\n  padding-top: 500px;\n  background-color: rgb(255, 255, 255);\n}\n#banner-1582225471 .bg.bg-loaded {\n  background-image: url(https:\/\/construccioneplus.com\/co\/wp-content\/uploads\/2024\/01\/Banner-Servicios-1024x509.png);\n}\n#banner-1582225471 .overlay {\n  background-color: rgba(190, 190, 190, 0.2);\n}\n<\/style>\n  <\/div>\n\n\n\t<section class=\"section\" id=\"section_2132380925\">\n\t\t<div class=\"bg section-bg fill bg-fill  bg-loaded\" >\n\n\t\t\t\n\t\t\t\n\t\t\t\n\n\t\t<\/div>\n\n\t\t\n\n\t\t<div class=\"section-content relative\">\n\t\t\t\n\n<div class=\"row\"  id=\"row-436683516\">\n\n\n\t<div id=\"col-1275015487\" class=\"col medium-6 small-12 large-6\"  data-animate=\"fadeInLeft\">\n\t\t\t\t<div class=\"col-inner\"  >\n\t\t\t\n\t\t\t\n\n\t<div class=\"img has-hover x md-x lg-x y md-y lg-y\" id=\"image_817876784\">\n\t\t\t\t<div data-parallax-fade=\"true\" data-parallax=\"2\">\t\t<div data-animate=\"fadeInLeft\">\t\t<div class=\"img-inner dark\" >\n\t\t\t<img loading=\"lazy\" decoding=\"async\" width=\"900\" height=\"600\" src=\"https:\/\/construccioneplus.com\/co\/wp-content\/uploads\/2024\/04\/vara-fluid-partel-2_1024x_f9f8538a-8df2-427c-bf50-d53cf1fcedcf_1024x.jpg\" class=\"attachment-large size-large\" alt=\"\" srcset=\"https:\/\/construccioneplus.com\/co\/wp-content\/uploads\/2024\/04\/vara-fluid-partel-2_1024x_f9f8538a-8df2-427c-bf50-d53cf1fcedcf_1024x.jpg 900w, https:\/\/construccioneplus.com\/co\/wp-content\/uploads\/2024\/04\/vara-fluid-partel-2_1024x_f9f8538a-8df2-427c-bf50-d53cf1fcedcf_1024x-300x200.jpg 300w, https:\/\/construccioneplus.com\/co\/wp-content\/uploads\/2024\/04\/vara-fluid-partel-2_1024x_f9f8538a-8df2-427c-bf50-d53cf1fcedcf_1024x-768x512.jpg 768w, https:\/\/construccioneplus.com\/co\/wp-content\/uploads\/2024\/04\/vara-fluid-partel-2_1024x_f9f8538a-8df2-427c-bf50-d53cf1fcedcf_1024x-600x400.jpg 600w\" sizes=\"auto, (max-width: 900px) 100vw, 900px\" \/>\t\t\t\t\t\t\n\t\t\t\t\t<\/div>\n\t\t<\/div>\t\t<\/div>\t\t\t\t\n<style>\n#image_817876784 {\n  width: 95%;\n}\n<\/style>\n\t<\/div>\n\t\n\n\t<div class=\"img has-hover x md-x lg-x y md-y lg-y\" id=\"image_625164063\">\n\t\t\t\t\t\t<div data-animate=\"fadeInLeft\">\t\t<div class=\"img-inner dark\" >\n\t\t\t<img loading=\"lazy\" decoding=\"async\" width=\"550\" height=\"413\" src=\"https:\/\/construccioneplus.com\/co\/wp-content\/uploads\/2024\/03\/servicios.jpg\" class=\"attachment-large size-large\" alt=\"\" srcset=\"https:\/\/construccioneplus.com\/co\/wp-content\/uploads\/2024\/03\/servicios.jpg 550w, https:\/\/construccioneplus.com\/co\/wp-content\/uploads\/2024\/03\/servicios-300x225.jpg 300w\" sizes=\"auto, (max-width: 550px) 100vw, 550px\" \/>\t\t\t\t\t\t\n\t\t\t\t\t<\/div>\n\t\t<\/div>\t\t\t\t\t\t\n<style>\n#image_625164063 {\n  width: 100%;\n}\n<\/style>\n\t<\/div>\n\t\n\n\n\t\t<\/div>\n\t\t\t\t\t<\/div>\n\n\t\n\n\t<div id=\"col-1536993379\" class=\"col medium-6 small-12 large-6\"  data-animate=\"fadeInRight\">\n\t\t\t\t<div class=\"col-inner\"  >\n\t\t\t\n\t\t\t\n\n\t<div id=\"text-2217237892\" class=\"text\">\n\t\t\n\n<h1>Servicios de Consultor\u00eda<\/h1>\n<h3 class=\"thin-font\">Trabajamos para maximizar el ahorro de energ\u00eda cumpliendo con los requisitos espec\u00edficos de nuestros clientes. Ingeniaremos y dise\u00f1aremos el proyecto para incluir diversas medidas de conservaci\u00f3n y tener en cuenta las interacciones entre los componentes instalados.<\/h3>\n\t\t\n<style>\n#text-2217237892 {\n  font-size: 1rem;\n}\n<\/style>\n\t<\/div>\n\t\n\n\t\t<\/div>\n\t\t\t\t\t<\/div>\n\n\t\n\n<\/div>\n\n\t\t<\/div>\n\n\t\t\n<style>\n#section_2132380925 {\n  padding-top: 30px;\n  padding-bottom: 30px;\n}\n<\/style>\n\t<\/section>\n\t\n\t<section class=\"section\" id=\"section_1468362159\">\n\t\t<div class=\"bg section-bg fill bg-fill  bg-loaded\" >\n\n\t\t\t\n\t\t\t\n\t\t\t\n\n\t\t<\/div>\n\n\t\t\t<div class=\"ux-shape-divider ux-shape-divider--top ux-shape-divider--style-triangle-invert\">\n\t\t<svg viewBox=\"0 0 1000 100\" xmlns=\"http:\/\/www.w3.org\/2000\/svg\" preserveAspectRatio=\"none\">\n\t<path class=\"ux-shape-fill\" d=\"M500 95.6L0 0V100H1000V0L500 95.6Z\"\/>\n<\/svg>\n\t<\/div>\n\n\n\t\t<div class=\"section-content relative\">\n\t\t\t\n\n<div class=\"row row-large align-center row-divided\"  id=\"row-245862716\">\n\n\n\t<div id=\"col-600834369\" class=\"col medium-4 large-4\"  >\n\t\t\t\t<div class=\"col-inner\"  >\n\t\t\t\n\t\t\t\n\n\n\t\t<div class=\"icon-box featured-box icon-box-center text-center\"  style=\"margin:0px 0px 0px 0px;\">\n\t\t\t\t\t<div class=\"icon-box-img has-icon-bg\" style=\"width: 60px\">\n\t\t\t\t<div class=\"icon\">\n\t\t\t\t\t<div class=\"icon-inner\" style=\"border-width:2px;\">\n\t\t\t\t\t\t<img loading=\"lazy\" decoding=\"async\" width=\"295\" height=\"300\" src=\"https:\/\/construccioneplus.com\/co\/wp-content\/uploads\/2024\/01\/Logo-Eplus-White-1-295x300.png\" class=\"attachment-medium size-medium\" alt=\"\" srcset=\"https:\/\/construccioneplus.com\/co\/wp-content\/uploads\/2024\/01\/Logo-Eplus-White-1-295x300.png 295w, https:\/\/construccioneplus.com\/co\/wp-content\/uploads\/2024\/01\/Logo-Eplus-White-1.png 595w\" sizes=\"auto, (max-width: 295px) 100vw, 295px\" \/>\t\t\t\t\t<\/div>\n\t\t\t\t<\/div>\n\t\t\t<\/div>\n\t\t\t\t<div class=\"icon-box-text last-reset\">\n\t\t\t<h5 class=\"uppercase\">Evaluaci\u00f3n de reducci\u00f3n de energ\u00eda<\/h5>\t\t\t\t\t\t\n\n<p>Implementar un proyecto de modernizaci\u00f3n para mejorar la eficiencia energ\u00e9tica, que se pague a s\u00ed mismo mediante ahorros energ\u00e9ticos, puede ser una tarea compleja.<\/p>\n<a class=\"button primary lowercase\"  >\n    <span>Saber m\u00e1s<\/span>\n  <\/a>\n\n\n\n\t\t<\/div>\n\t<\/div>\n\t\n\t\n\n\t\t<\/div>\n\t\t\t\t\t<\/div>\n\n\t\n\n\t<div id=\"col-1327312131\" class=\"col medium-4 large-4\"  >\n\t\t\t\t<div class=\"col-inner\"  >\n\t\t\t\n\t\t\t\n\n\n\t\t<div class=\"icon-box featured-box icon-box-center text-center\"  style=\"margin:0px 0px 0px 0px;\">\n\t\t\t\t\t<div class=\"icon-box-img has-icon-bg\" style=\"width: 60px\">\n\t\t\t\t<div class=\"icon\">\n\t\t\t\t\t<div class=\"icon-inner\" style=\"border-width:2px;\">\n\t\t\t\t\t\t<img loading=\"lazy\" decoding=\"async\" width=\"295\" height=\"300\" src=\"https:\/\/construccioneplus.com\/co\/wp-content\/uploads\/2024\/01\/Logo-Eplus-White-1-295x300.png\" class=\"attachment-medium size-medium\" alt=\"\" srcset=\"https:\/\/construccioneplus.com\/co\/wp-content\/uploads\/2024\/01\/Logo-Eplus-White-1-295x300.png 295w, https:\/\/construccioneplus.com\/co\/wp-content\/uploads\/2024\/01\/Logo-Eplus-White-1.png 595w\" sizes=\"auto, (max-width: 295px) 100vw, 295px\" \/>\t\t\t\t\t<\/div>\n\t\t\t\t<\/div>\n\t\t\t<\/div>\n\t\t\t\t<div class=\"icon-box-text last-reset\">\n\t\t\t<h5 class=\"uppercase\">Remodelaci\u00f3n considerando eficiencia energ\u00e9tica<\/h5>\t\t\t\t\t\t\n\n<p>Potente dise\u00f1o con funcionalidad responsiva que se puede adaptar a cualquier tama\u00f1o de pantalla.<\/p>\n<a href=\"https:\/\/construccioneplus.com\/co\/remodelacion-considerando-eficiencia-energetica\/\" target=\"_self\" class=\"button primary lowercase\"  >\n    <span>Saber m\u00e1s<\/span>\n  <\/a>\n\n\n\n\t\t<\/div>\n\t<\/div>\n\t\n\t\n\n\t\t<\/div>\n\t\t\t\t\t<\/div>\n\n\t\n\n\t<div id=\"col-2045496768\" class=\"col medium-4 large-4\"  >\n\t\t\t\t<div class=\"col-inner\"  >\n\t\t\t\n\t\t\t\n\n\n\t\t<div class=\"icon-box featured-box icon-box-center text-center\"  style=\"margin:0px 0px 0px 0px;\">\n\t\t\t\t\t<div class=\"icon-box-img has-icon-bg\" style=\"width: 60px\">\n\t\t\t\t<div class=\"icon\">\n\t\t\t\t\t<div class=\"icon-inner\" style=\"border-width:2px;\">\n\t\t\t\t\t\t<img loading=\"lazy\" decoding=\"async\" width=\"295\" height=\"300\" src=\"https:\/\/construccioneplus.com\/co\/wp-content\/uploads\/2024\/01\/Logo-Eplus-White-1-295x300.png\" class=\"attachment-medium size-medium\" alt=\"\" srcset=\"https:\/\/construccioneplus.com\/co\/wp-content\/uploads\/2024\/01\/Logo-Eplus-White-1-295x300.png 295w, https:\/\/construccioneplus.com\/co\/wp-content\/uploads\/2024\/01\/Logo-Eplus-White-1.png 595w\" sizes=\"auto, (max-width: 295px) 100vw, 295px\" \/>\t\t\t\t\t<\/div>\n\t\t\t\t<\/div>\n\t\t\t<\/div>\n\t\t\t\t<div class=\"icon-box-text last-reset\">\n\t\t\t<h5 class=\"uppercase\">gesti\u00f3n energ\u00e9tica<\/h5>\t\t\t\t\t\t\n\n<p>Los objetivos son la conservaci\u00f3n de los recursos, la protecci\u00f3n del clima y el ahorro de costes.<\/p>\n<p>&nbsp;<\/p>\n<a href=\"https:\/\/construccioneplus.com\/co\/gestion-energetica\/\" target=\"_self\" class=\"button primary lowercase\"  >\n    <span>Saber m\u00e1s<\/span>\n  <\/a>\n\n\n\n\t\t<\/div>\n\t<\/div>\n\t\n\t\n\n\t\t<\/div>\n\t\t\t\t\t<\/div>\n\n\t\n\n<\/div>\n\n\t\t<\/div>\n\n\t\t\n<style>\n#section_1468362159 {\n  padding-top: 30px;\n  padding-bottom: 30px;\n  background-color: rgb(255, 255, 255);\n}\n#section_1468362159 .ux-shape-divider--top svg {\n  height: 150px;\n  --divider-top-width: 100%;\n}\n<\/style>\n\t<\/section>\n\t\n\t<section class=\"section\" id=\"section_664056756\">\n\t\t<div class=\"bg section-bg fill bg-fill  bg-loaded\" >\n\n\t\t\t\n\t\t\t\n\t\t\t\n\n\t\t<\/div>\n\n\t\t\n\n\t\t<div class=\"section-content relative\">\n\t\t\t\n\n<div class=\"row row-large align-center row-divided\"  id=\"row-294550681\">\n\n\n\t<div id=\"col-739597068\" class=\"col medium-4 large-4\"  >\n\t\t\t\t<div class=\"col-inner\"  >\n\t\t\t\n\t\t\t\n\n\n\t<a class=\"plain\" href=\"https:\/\/construccioneplus.com\/mx\/analisis-de-wufi\/\" >\t<div class=\"icon-box featured-box icon-box-center text-center\"  style=\"margin:0px 0px 0px 0px;\">\n\t\t\t\t\t<div class=\"icon-box-img has-icon-bg\" style=\"width: 60px\">\n\t\t\t\t<div class=\"icon\">\n\t\t\t\t\t<div class=\"icon-inner\" style=\"border-width:2px;\">\n\t\t\t\t\t\t<img loading=\"lazy\" decoding=\"async\" width=\"295\" height=\"300\" src=\"https:\/\/construccioneplus.com\/co\/wp-content\/uploads\/2024\/01\/Logo-Eplus-White-1-295x300.png\" class=\"attachment-medium size-medium\" alt=\"\" srcset=\"https:\/\/construccioneplus.com\/co\/wp-content\/uploads\/2024\/01\/Logo-Eplus-White-1-295x300.png 295w, https:\/\/construccioneplus.com\/co\/wp-content\/uploads\/2024\/01\/Logo-Eplus-White-1.png 595w\" sizes=\"auto, (max-width: 295px) 100vw, 295px\" \/>\t\t\t\t\t<\/div>\n\t\t\t\t<\/div>\n\t\t\t<\/div>\n\t\t\t\t<div class=\"icon-box-text last-reset\">\n\t\t\t<h5 class=\"uppercase\">Modelo Energetico via WUFI o PHPP<\/h5>\t\t\t\t\t\t\n\n<p>En Construcci\u00f3n E-Plus ofrecemos an\u00e1lisis WUFI bajo pedido para asegurarnos de que el proyecto terminado funciona correctamente&#8230;<\/p>\n<a href=\"https:\/\/construccioneplus.com\/co\/analisis-de-wufi\/\" target=\"_self\" class=\"button primary lowercase\"  >\n    <span>Saber m\u00e1s<\/span>\n  <\/a>\n\n\n\n\t\t<\/div>\n\t<\/div>\n\t<\/a>\n\t\n\n\t\t<\/div>\n\t\t\t\t\t<\/div>\n\n\t\n\n\t<div id=\"col-1171038481\" class=\"col medium-4 large-4\"  >\n\t\t\t\t<div class=\"col-inner\"  >\n\t\t\t\n\t\t\t\n\n\n\t<a class=\"plain\" href=\"https:\/\/construccioneplus.com\/mx\/soporte-tecnico\/\" >\t<div class=\"icon-box featured-box icon-box-center text-center\"  style=\"margin:0px 0px 0px 0px;\">\n\t\t\t\t\t<div class=\"icon-box-img has-icon-bg\" style=\"width: 60px\">\n\t\t\t\t<div class=\"icon\">\n\t\t\t\t\t<div class=\"icon-inner\" style=\"border-width:2px;\">\n\t\t\t\t\t\t<img loading=\"lazy\" decoding=\"async\" width=\"295\" height=\"300\" src=\"https:\/\/construccioneplus.com\/co\/wp-content\/uploads\/2024\/01\/Logo-Eplus-White-1-295x300.png\" class=\"attachment-medium size-medium\" alt=\"\" srcset=\"https:\/\/construccioneplus.com\/co\/wp-content\/uploads\/2024\/01\/Logo-Eplus-White-1-295x300.png 295w, https:\/\/construccioneplus.com\/co\/wp-content\/uploads\/2024\/01\/Logo-Eplus-White-1.png 595w\" sizes=\"auto, (max-width: 295px) 100vw, 295px\" \/>\t\t\t\t\t<\/div>\n\t\t\t\t<\/div>\n\t\t\t<\/div>\n\t\t\t\t<div class=\"icon-box-text last-reset\">\n\t\t\t<h5 class=\"uppercase\">SOPORTE T\u00c9CNICO<\/h5>\t\t\t\t\t\t\n\n<p>En Construcci\u00f3n E-Plus, nuestro equipo de especialistas en desarrollo t\u00e9cnico ofrece una gran cantidad de conocimientos y experiencia para&#8230;<\/p>\n<a href=\"https:\/\/construccioneplus.com\/co\/soporte-tecnico\/\" target=\"_self\" class=\"button primary lowercase\"  >\n    <span>Saber m\u00e1s<\/span>\n  <\/a>\n\n\n\n\t\t<\/div>\n\t<\/div>\n\t<\/a>\n\t\n\n\t\t<\/div>\n\t\t\t\t\t<\/div>\n\n\t\n\n<\/div>\n<div class=\"text-center\"><div class=\"is-divider divider clearfix\" style=\"max-width:130px;\"><\/div><\/div>\n\n\n\t\t<\/div>\n\n\t\t\n<style>\n#section_664056756 {\n  padding-top: 30px;\n  padding-bottom: 30px;\n  background-color: rgb(255, 255, 255);\n}\n<\/style>\n\t<\/section>\n\t\n<div class=\"message-box relative dark\" style=\"padding-top:36px;padding-bottom:36px;\"><div class=\"message-box-bg-image bg-fill fill\" ><\/div><div class=\"message-box-bg-overlay bg-fill fill\" style=\"background-color:rgb(220, 220, 220);\"><\/div><div class=\"container relative\"><div class=\"inner last-reset\">\n\n<div class=\"row align-middle\"  id=\"row-1547286932\">\n\n\n\t<div id=\"col-1156401977\" class=\"col medium-7 small-12 large-7\"  >\n\t\t\t\t<div class=\"col-inner\"  >\n\t\t\t\n\t\t\t\n\n\t<div id=\"text-3706132281\" class=\"text\">\n\t\t\n\n<h2 class=\"uppercase\">\u00bfTienes preguntas?<\/h2>\n<p>Si necesitas asesoramiento o est\u00e1s listo para comenzar un proyecto, estamos aqu\u00ed para ayudarte. Escr\u00edbenos y pronto nos pondremos en contacto.<\/p>\n\t\t\n<style>\n#text-3706132281 {\n  color: #202d61;\n}\n#text-3706132281 > * {\n  color: #202d61;\n}\n<\/style>\n\t<\/div>\n\t\n\n\t\t<\/div>\n\t\t\t\t\t<\/div>\n\n\t\n\n\t<div id=\"col-1022215783\" class=\"col medium-5 small-12 large-5\"  >\n\t\t\t\t<div class=\"col-inner text-right\"  >\n\t\t\t\n\t\t\t\n\n<a data-animate=\"flipInY\" href=\"https:\/\/construccioneplus.com\/mx\/cotizacion-2\/\" target=\"_self\" class=\"button primary is-outline is-larger lowercase\"  >\n    <span>Enviar mensaje<\/span>\n  <\/a>\n\n\n\n\t\t<\/div>\n\t\t\t\t\t<\/div>\n\n\t\n\n<\/div>\n\n<\/div><\/div><\/div>\n\n","protected":false},"excerpt":{"rendered":"","protected":false},"author":1,"featured_media":0,"parent":0,"menu_order":0,"comment_status":"closed","ping_status":"closed","template":"page-blank.php","meta":{"footnotes":""},"class_list":["post-29","page","type-page","status-publish","hentry"],"_links":{"self":[{"href":"https:\/\/construccioneplus.com\/co\/wp-json\/wp\/v2\/pages\/29","targetHints":{"allow":["GET"]}}],"collection":[{"href":"https:\/\/construccioneplus.com\/co\/wp-json\/wp\/v2\/pages"}],"about":[{"href":"https:\/\/construccioneplus.com\/co\/wp-json\/wp\/v2\/types\/page"}],"author":[{"embeddable":true,"href":"https:\/\/construccioneplus.com\/co\/wp-json\/wp\/v2\/users\/1"}],"replies":[{"embeddable":true,"href":"https:\/\/construccioneplus.com\/co\/wp-json\/wp\/v2\/comments?post=29"}],"version-history":[{"count":19,"href":"https:\/\/construccioneplus.com\/co\/wp-json\/wp\/v2\/pages\/29\/revisions"}],"predecessor-version":[{"id":295,"href":"https:\/\/construccioneplus.com\/co\/wp-json\/wp\/v2\/pages\/29\/revisions\/295"}],"wp:attachment":[{"href":"https:\/\/construccioneplus.com\/co\/wp-json\/wp\/v2\/media?parent=29"}],"curies":[{"name":"wp","href":"https:\/\/api.w.org\/{rel}","templated":true}]}}