{"id":284,"date":"2024-03-07T07:36:22","date_gmt":"2024-03-07T07:36:22","guid":{"rendered":"https:\/\/construccioneplus.com\/co\/?page_id=284"},"modified":"2024-04-08T09:57:53","modified_gmt":"2024-04-08T09:57:53","slug":"remodelacion-considerando-eficiencia-energetica","status":"publish","type":"page","link":"https:\/\/construccioneplus.com\/co\/remodelacion-considerando-eficiencia-energetica\/","title":{"rendered":"Remodelaci\u00f3n considerando eficiencia energ\u00e9tica"},"content":{"rendered":"\n<div class=\"row\"  id=\"row-1396403048\">\n\n\n\t<div id=\"col-408871785\" class=\"col medium-6 small-12 large-6\"  >\n\t\t\t\t<div class=\"col-inner\"  >\n\t\t\t\n\t\t\t\n\n\t<div class=\"img has-hover x md-x lg-x y md-y lg-y\" id=\"image_769592953\">\n\t\t\t\t\t\t\t\t<div class=\"img-inner dark\" >\n\t\t\t<img loading=\"lazy\" decoding=\"async\" width=\"772\" height=\"493\" src=\"https:\/\/construccioneplus.com\/co\/wp-content\/uploads\/2024\/04\/PH.png\" class=\"attachment-large size-large\" alt=\"\" srcset=\"https:\/\/construccioneplus.com\/co\/wp-content\/uploads\/2024\/04\/PH.png 772w, https:\/\/construccioneplus.com\/co\/wp-content\/uploads\/2024\/04\/PH-300x192.png 300w, https:\/\/construccioneplus.com\/co\/wp-content\/uploads\/2024\/04\/PH-768x490.png 768w, https:\/\/construccioneplus.com\/co\/wp-content\/uploads\/2024\/04\/PH-600x383.png 600w\" sizes=\"auto, (max-width: 772px) 100vw, 772px\" \/>\t\t\t\t\t\t\n\t\t\t\t\t<\/div>\n\t\t\t\t\t\t\t\t\n<style>\n#image_769592953 {\n  width: 100%;\n}\n<\/style>\n\t<\/div>\n\t\n\n\n\t\t<\/div>\n\t\t\t\t\t<\/div>\n\n\t\n\n\t<div id=\"col-1008887945\" class=\"col medium-6 small-12 large-6\"  >\n\t\t\t\t<div class=\"col-inner\"  >\n\t\t\t\n\t\t\t\n\n<h1>Remodelaci\u00f3n considerando eficiencia energ\u00e9tica<\/h1>\n<h4 class=\"thin-font\">Llevar a cabo un proyecto de modernizaci\u00f3n para mejorar la eficiencia energ\u00e9tica que se pague a s\u00ed mismo mediante ahorros energ\u00e9ticos puede ser una tarea compleja. E Plus cuenta con una amplia experiencia en dise\u00f1o e implementaci\u00f3n, integrando diversas medidas de eficiencia, mitigando riesgos t\u00e9cnicos y de rendimiento, y estableciendo objetivos financieros para que los ahorros energ\u00e9ticos generados cubran la inversi\u00f3n.<\/h4>\n\n\t\t<\/div>\n\t\t\t\t\t<\/div>\n\n\t\n\n<\/div>\n<div class=\"row\"  id=\"row-1407536141\">\n\n\n\t<div id=\"col-282194734\" class=\"col medium-6 small-12 large-6\"  >\n\t\t\t\t<div class=\"col-inner\"  >\n\t\t\t\n\t\t\t\n\n<h1>\u00bfPor qu\u00e9 Retrofit?<\/h1>\n<div class=\"lead TXTjustified\">\n<p><strong>Adem\u00e1s de beneficiar al medio ambiente global, hay muchas razones por las que hacer una modernizaci\u00f3n:<\/strong><\/p>\n<\/div>\n<div class=\"feature-box fbox-small fbox-plain\">\n<ul>\n<li>AHORRE DINERO<\/li>\n<\/ul>\n<p>Los costos de energ\u00eda continuar\u00e1n aumentando con el tiempo, por lo que un menor uso de energ\u00eda se traducir\u00e1 en facturas m\u00e1s bajas.<\/p>\n<\/div>\n<div class=\"feature-box fbox-small fbox-plain\">\n<ul>\n<li>AUMENTE EL VALOR DE SU PROPIEDAD<\/li>\n<\/ul>\n<p>Los costos de energ\u00eda son una parte intrincada de ser propietario de una casa y cualquier trabajo que disminuya los costos de energ\u00eda har\u00e1 que su propiedad sea m\u00e1s deseable.<\/p>\n<\/div>\n<div class=\"feature-box fbox-small fbox-plain\">\n<ul>\n<li>MEJOR CALIDAD DEL AIRE INTERIOR<\/li>\n<\/ul>\n<p>A trav\u00e9s del sellado del aire, el control de la humedad y la ventilaci\u00f3n equilibrada en el edificio, se reducen los al\u00e9rgenos, el polvo y el moho.<\/p>\n<\/div>\n<div class=\"feature-box fbox-small fbox-plain\">\n<ul>\n<li>AUMENTA LA COMODIDAD Y MEJORA EL RENDIMIENTO<\/li>\n<\/ul>\n<p>Cuando la envolvente del edificio est\u00e1 debidamente aislada y sellada, se reducen las diferencias de temperatura eliminando las corrientes de aire, proporcionando una temperatura m\u00e1s homog\u00e9nea en todo el espacio acondicionado y optimizando el rendimiento.<\/p>\n<\/div>\n\n\t\t<\/div>\n\t\t\t\t\t<\/div>\n\n\t\n\n\t<div id=\"col-1402170000\" class=\"col medium-6 small-12 large-6\"  >\n\t\t\t\t<div class=\"col-inner\"  >\n\t\t\t\n\t\t\t\n\n\t<div class=\"img has-hover x md-x lg-x y md-y lg-y\" id=\"image_2050079283\">\n\t\t\t\t\t\t\t\t<div class=\"img-inner dark\" >\n\t\t\t<img loading=\"lazy\" decoding=\"async\" width=\"768\" height=\"1024\" src=\"https:\/\/construccioneplus.com\/co\/wp-content\/uploads\/2024\/03\/panel-6816102_1280-768x1024.jpg\" class=\"attachment-large size-large\" alt=\"\" srcset=\"https:\/\/construccioneplus.com\/co\/wp-content\/uploads\/2024\/03\/panel-6816102_1280-768x1024.jpg 768w, https:\/\/construccioneplus.com\/co\/wp-content\/uploads\/2024\/03\/panel-6816102_1280-225x300.jpg 225w, https:\/\/construccioneplus.com\/co\/wp-content\/uploads\/2024\/03\/panel-6816102_1280-600x800.jpg 600w, https:\/\/construccioneplus.com\/co\/wp-content\/uploads\/2024\/03\/panel-6816102_1280.jpg 960w\" sizes=\"auto, (max-width: 768px) 100vw, 768px\" \/>\t\t\t\t\t\t\n\t\t\t\t\t<\/div>\n\t\t\t\t\t\t\t\t\n<style>\n#image_2050079283 {\n  width: 100%;\n}\n<\/style>\n\t<\/div>\n\t\n\n\n\t\t<\/div>\n\t\t\t\t\t<\/div>\n\n\t\n\n<\/div>\n\n","protected":false},"excerpt":{"rendered":"","protected":false},"author":1,"featured_media":0,"parent":0,"menu_order":0,"comment_status":"closed","ping_status":"closed","template":"","meta":{"footnotes":""},"class_list":["post-284","page","type-page","status-publish","hentry"],"_links":{"self":[{"href":"https:\/\/construccioneplus.com\/co\/wp-json\/wp\/v2\/pages\/284","targetHints":{"allow":["GET"]}}],"collection":[{"href":"https:\/\/construccioneplus.com\/co\/wp-json\/wp\/v2\/pages"}],"about":[{"href":"https:\/\/construccioneplus.com\/co\/wp-json\/wp\/v2\/types\/page"}],"author":[{"embeddable":true,"href":"https:\/\/construccioneplus.com\/co\/wp-json\/wp\/v2\/users\/1"}],"replies":[{"embeddable":true,"href":"https:\/\/construccioneplus.com\/co\/wp-json\/wp\/v2\/comments?post=284"}],"version-history":[{"count":3,"href":"https:\/\/construccioneplus.com\/co\/wp-json\/wp\/v2\/pages\/284\/revisions"}],"predecessor-version":[{"id":364,"href":"https:\/\/construccioneplus.com\/co\/wp-json\/wp\/v2\/pages\/284\/revisions\/364"}],"wp:attachment":[{"href":"https:\/\/construccioneplus.com\/co\/wp-json\/wp\/v2\/media?parent=284"}],"curies":[{"name":"wp","href":"https:\/\/api.w.org\/{rel}","templated":true}]}}