{"id":280,"date":"2024-03-07T06:54:12","date_gmt":"2024-03-07T06:54:12","guid":{"rendered":"https:\/\/construccioneplus.com\/co\/?page_id=280"},"modified":"2024-03-07T07:07:27","modified_gmt":"2024-03-07T07:07:27","slug":"evaluacion-de-reduccion-de-energia","status":"publish","type":"page","link":"https:\/\/construccioneplus.com\/co\/evaluacion-de-reduccion-de-energia\/","title":{"rendered":"Evaluaci\u00f3n de reducci\u00f3n de energ\u00eda"},"content":{"rendered":"\n\t<section class=\"section\" id=\"section_1244750200\">\n\t\t<div class=\"bg section-bg fill bg-fill  bg-loaded\" >\n\n\t\t\t\n\t\t\t\n\t\t\t\n\n\t\t<\/div>\n\n\t\t\n\n\t\t<div class=\"section-content relative\">\n\t\t\t\n\n<div class=\"row\"  id=\"row-1143252641\">\n\n\n\t<div id=\"col-684387962\" class=\"col medium-6 small-12 large-6\"  >\n\t\t\t\t<div class=\"col-inner\"  >\n\t\t\t\n\t\t\t\n\n\t<div class=\"img has-hover x md-x lg-x y md-y lg-y\" id=\"image_306901884\">\n\t\t\t\t\t\t\t\t<div class=\"img-inner dark\" >\n\t\t\t<img loading=\"lazy\" decoding=\"async\" width=\"550\" height=\"415\" src=\"https:\/\/construccioneplus.com\/co\/wp-content\/uploads\/2024\/03\/energyEvaluation.jpg\" class=\"attachment-large size-large\" alt=\"\" srcset=\"https:\/\/construccioneplus.com\/co\/wp-content\/uploads\/2024\/03\/energyEvaluation.jpg 550w, https:\/\/construccioneplus.com\/co\/wp-content\/uploads\/2024\/03\/energyEvaluation-300x226.jpg 300w\" sizes=\"auto, (max-width: 550px) 100vw, 550px\" \/>\t\t\t\t\t\t\n\t\t\t\t\t<\/div>\n\t\t\t\t\t\t\t\t\n<style>\n#image_306901884 {\n  width: 100%;\n}\n<\/style>\n\t<\/div>\n\t\n\n\n\t\t<\/div>\n\t\t\t\t\t<\/div>\n\n\t\n\n\t<div id=\"col-58584262\" class=\"col medium-6 small-12 large-6\"  >\n\t\t\t\t<div class=\"col-inner\"  >\n\t\t\t\n\t\t\t\n\n\t<div id=\"text-1302821362\" class=\"text\">\n\t\t\n\n<div class=\"entry-title\">\n<h2>Evaluaci\u00f3n de Reducci\u00f3n de Energ\u00eda<\/h2>\n<\/div>\n<div class=\"lead TXTjustified\">\n<p>Trabajamos para maximizar los ahorros energ\u00e9ticos cumpliendo con los requisitos espec\u00edficos del cliente. Ingeniaremos y dise\u00f1aremos el proyecto para incluir diversas medidas de conservaci\u00f3n y tener en cuenta las interacciones entre los componentes instalados.<\/p>\n<\/div>\n\t\t\n<style>\n#text-1302821362 {\n  text-align: left;\n  color: rgb(0,0,0);\n}\n#text-1302821362 > * {\n  color: rgb(0,0,0);\n}\n<\/style>\n\t<\/div>\n\t\n\n\t\t<\/div>\n\t\t\t\t\t<\/div>\n\n\t\n\n<\/div>\n\n\t\t<\/div>\n\n\t\t\n<style>\n#section_1244750200 {\n  padding-top: 30px;\n  padding-bottom: 30px;\n}\n<\/style>\n\t<\/section>\n\t\n\n","protected":false},"excerpt":{"rendered":"","protected":false},"author":1,"featured_media":0,"parent":0,"menu_order":0,"comment_status":"closed","ping_status":"closed","template":"","meta":{"footnotes":""},"class_list":["post-280","page","type-page","status-publish","hentry"],"_links":{"self":[{"href":"https:\/\/construccioneplus.com\/co\/wp-json\/wp\/v2\/pages\/280","targetHints":{"allow":["GET"]}}],"collection":[{"href":"https:\/\/construccioneplus.com\/co\/wp-json\/wp\/v2\/pages"}],"about":[{"href":"https:\/\/construccioneplus.com\/co\/wp-json\/wp\/v2\/types\/page"}],"author":[{"embeddable":true,"href":"https:\/\/construccioneplus.com\/co\/wp-json\/wp\/v2\/users\/1"}],"replies":[{"embeddable":true,"href":"https:\/\/construccioneplus.com\/co\/wp-json\/wp\/v2\/comments?post=280"}],"version-history":[{"count":2,"href":"https:\/\/construccioneplus.com\/co\/wp-json\/wp\/v2\/pages\/280\/revisions"}],"predecessor-version":[{"id":283,"href":"https:\/\/construccioneplus.com\/co\/wp-json\/wp\/v2\/pages\/280\/revisions\/283"}],"wp:attachment":[{"href":"https:\/\/construccioneplus.com\/co\/wp-json\/wp\/v2\/media?parent=280"}],"curies":[{"name":"wp","href":"https:\/\/api.w.org\/{rel}","templated":true}]}}