{"id":101,"date":"2024-01-14T10:59:59","date_gmt":"2024-01-14T10:59:59","guid":{"rendered":"https:\/\/larredesign.cl\/test\/?page_id=101"},"modified":"2024-01-17T14:46:09","modified_gmt":"2024-01-17T14:46:09","slug":"soporte-tecnico","status":"publish","type":"page","link":"https:\/\/construccioneplus.com\/co\/soporte-tecnico\/","title":{"rendered":"Soporte T\u00e9cnico"},"content":{"rendered":"\n<h3><span style=\"font-size: 25.92px;\">SOPORTE T\u00c9CNICO<\/span><\/h3>\n<div class=\"rte\">\n<p>En Construcci\u00f3n E-Plus, nuestro equipo de especialistas en desarrollo t\u00e9cnico ofrece una gran cantidad de conocimientos y experiencia para construir soluciones personalizadas para nuestros clientes. Con experiencia en desarrollos residenciales y comerciales, nuestro equipo dedicado con experiencia en Ingenier\u00eda, Arquitectura y F\u00edsica de la Construcci\u00f3n durante m\u00e1s de 20 a\u00f1os se asegurar\u00e1 de que reciba el asesoramiento para sus necesidades espec\u00edficas de construcci\u00f3n.<\/p>\n<p>La excelencia t\u00e9cnica est\u00e1 en el centro del desarrollo de productos de Construcci\u00f3n E-Plus y apoyamos la innovaci\u00f3n con un enfoque dedicado no solo a la sostenibilidad sino tambi\u00e9n al rendimiento. Nos apasiona fabricar productos que marquen la diferencia. Producimos y suministramos soluciones tecnol\u00f3gicas de alto rendimiento para los constructores modernos, perfectamente adaptadas a los nuevos requisitos de los c\u00f3digos energ\u00e9ticos de la construcci\u00f3n, para ayudar a crear edificios m\u00e1s eficientes.<\/p>\n<p>Nuestro\u00a0objetivo es proporcionar soluciones de calidad, profesionales y t\u00e9cnicas espec\u00edficas\u00a0a las necesidades de los clientes.<\/p>\n<p>Nuestro equipo de soporte t\u00e9cnico est\u00e1 listo para ayudarlo brind\u00e1ndole orientaci\u00f3n sobre:<\/p>\n<ul>\n<li>Asesoramiento t\u00e9cnico en la selecci\u00f3n de productos<\/li>\n<li>An\u00e1lisis de riesgo de condensaci\u00f3n de WUFI<\/li>\n<li>Documentaci\u00f3n t\u00e9cnica<\/li>\n<li>Nuevas Normas de Edificaci\u00f3n<\/li>\n<li>Inspecciones in situ<\/li>\n<li>Sistemas de productos Construcci\u00f3n E-Plus<\/li>\n<\/ul>\n<p>Adem\u00e1s, se pueden organizar CPD y capacitaci\u00f3n para ayudar con el dise\u00f1o y la aplicaci\u00f3n del sistema.<\/p>\n<\/div>\n\n","protected":false},"excerpt":{"rendered":"","protected":false},"author":1,"featured_media":0,"parent":0,"menu_order":0,"comment_status":"closed","ping_status":"closed","template":"","meta":{"footnotes":""},"class_list":["post-101","page","type-page","status-publish","hentry"],"_links":{"self":[{"href":"https:\/\/construccioneplus.com\/co\/wp-json\/wp\/v2\/pages\/101","targetHints":{"allow":["GET"]}}],"collection":[{"href":"https:\/\/construccioneplus.com\/co\/wp-json\/wp\/v2\/pages"}],"about":[{"href":"https:\/\/construccioneplus.com\/co\/wp-json\/wp\/v2\/types\/page"}],"author":[{"embeddable":true,"href":"https:\/\/construccioneplus.com\/co\/wp-json\/wp\/v2\/users\/1"}],"replies":[{"embeddable":true,"href":"https:\/\/construccioneplus.com\/co\/wp-json\/wp\/v2\/comments?post=101"}],"version-history":[{"count":3,"href":"https:\/\/construccioneplus.com\/co\/wp-json\/wp\/v2\/pages\/101\/revisions"}],"predecessor-version":[{"id":184,"href":"https:\/\/construccioneplus.com\/co\/wp-json\/wp\/v2\/pages\/101\/revisions\/184"}],"wp:attachment":[{"href":"https:\/\/construccioneplus.com\/co\/wp-json\/wp\/v2\/media?parent=101"}],"curies":[{"name":"wp","href":"https:\/\/api.w.org\/{rel}","templated":true}]}}